{"id":4526,"date":"2024-10-03T09:37:00","date_gmt":"2024-10-03T09:37:00","guid":{"rendered":"https:\/\/e2ip.com\/produits\/metal-dome-membrane-switch\/"},"modified":"2024-11-26T18:36:37","modified_gmt":"2024-11-26T18:36:37","slug":"clavier-a-membrane-a-dome-metallique","status":"publish","type":"page","link":"https:\/\/e2ip.com\/fr\/produits\/clavier-a-membrane-a-dome-metallique\/","title":{"rendered":"Clavier \u00e0 membrane \u00e0 d\u00f4me m\u00e9tallique"},"content":{"rendered":"","protected":false},"excerpt":{"rendered":"","protected":false},"author":2,"featured_media":4335,"parent":1529,"menu_order":0,"comment_status":"closed","ping_status":"closed","template":"","meta":{"_acf_changed":false,"footnotes":""},"class_list":["post-4526","page","type-page","status-publish","has-post-thumbnail","hentry"],"acf":[],"yoast_head":"<!-- This site is optimized with the Yoast SEO plugin v27.4 - https:\/\/yoast.com\/product\/yoast-seo-wordpress\/ -->\n<title>Clavier \u00e0 membrane \u00e0 d\u00f4me m\u00e9tallique | e2ip technologies<\/title>\n<meta name=\"description\" content=\"Les claviers \u00e0 membrane avec d\u00f4mes m\u00e9talliques sont r\u00e9put\u00e9s pour offrir une interface utilisateur fluide et r\u00e9active, alliant un design de surface intuitif \u00e0 un retour tactile pr\u00e9cis pour une exp\u00e9rience exceptionnelle.\" \/>\n<meta name=\"robots\" content=\"index, follow, max-snippet:-1, max-image-preview:large, max-video-preview:-1\" \/>\n<link rel=\"canonical\" href=\"https:\/\/e2ip.com\/fr\/produits\/clavier-a-membrane-a-dome-metallique\/\" \/>\n<meta property=\"og:locale\" content=\"fr_FR\" \/>\n<meta property=\"og:type\" content=\"article\" \/>\n<meta property=\"og:title\" content=\"Clavier \u00e0 membrane \u00e0 d\u00f4me m\u00e9tallique | e2ip technologies\" \/>\n<meta property=\"og:description\" content=\"Les claviers \u00e0 membrane avec d\u00f4mes m\u00e9talliques sont r\u00e9put\u00e9s pour offrir une interface utilisateur fluide et r\u00e9active, alliant un design de surface intuitif \u00e0 un retour tactile pr\u00e9cis pour une exp\u00e9rience exceptionnelle.\" \/>\n<meta property=\"og:url\" content=\"https:\/\/e2ip.com\/fr\/produits\/clavier-a-membrane-a-dome-metallique\/\" \/>\n<meta property=\"og:site_name\" content=\"e2ip\" \/>\n<meta property=\"article:modified_time\" content=\"2024-11-26T18:36:37+00:00\" \/>\n<meta property=\"og:image\" content=\"https:\/\/e2ip.com\/wp-content\/uploads\/2024\/10\/img-product-membrane-switches.png\" \/>\n\t<meta property=\"og:image:width\" content=\"1400\" \/>\n\t<meta property=\"og:image:height\" content=\"1112\" \/>\n\t<meta property=\"og:image:type\" content=\"image\/png\" \/>\n<meta name=\"twitter:card\" content=\"summary_large_image\" \/>\n<meta name=\"twitter:label1\" content=\"Dur\u00e9e de lecture estim\u00e9e\" \/>\n\t<meta name=\"twitter:data1\" content=\"1 minute\" \/>\n<script type=\"application\/ld+json\" class=\"yoast-schema-graph\">{\"@context\":\"https:\\\/\\\/schema.org\",\"@graph\":[{\"@type\":\"WebPage\",\"@id\":\"https:\\\/\\\/e2ip.com\\\/fr\\\/produits\\\/clavier-a-membrane-a-dome-metallique\\\/\",\"url\":\"https:\\\/\\\/e2ip.com\\\/fr\\\/produits\\\/clavier-a-membrane-a-dome-metallique\\\/\",\"name\":\"Clavier \u00e0 membrane \u00e0 d\u00f4me m\u00e9tallique | e2ip technologies\",\"isPartOf\":{\"@id\":\"https:\\\/\\\/e2ip.com\\\/fr\\\/#website\"},\"primaryImageOfPage\":{\"@id\":\"https:\\\/\\\/e2ip.com\\\/fr\\\/produits\\\/clavier-a-membrane-a-dome-metallique\\\/#primaryimage\"},\"image\":{\"@id\":\"https:\\\/\\\/e2ip.com\\\/fr\\\/produits\\\/clavier-a-membrane-a-dome-metallique\\\/#primaryimage\"},\"thumbnailUrl\":\"https:\\\/\\\/e2ip.com\\\/wp-content\\\/uploads\\\/2024\\\/10\\\/img-product-membrane-switches.png\",\"datePublished\":\"2024-10-03T09:37:00+00:00\",\"dateModified\":\"2024-11-26T18:36:37+00:00\",\"description\":\"Les claviers \u00e0 membrane avec d\u00f4mes m\u00e9talliques sont r\u00e9put\u00e9s pour offrir une interface utilisateur fluide et r\u00e9active, alliant un design de surface intuitif \u00e0 un retour tactile pr\u00e9cis pour une exp\u00e9rience exceptionnelle.\",\"breadcrumb\":{\"@id\":\"https:\\\/\\\/e2ip.com\\\/fr\\\/produits\\\/clavier-a-membrane-a-dome-metallique\\\/#breadcrumb\"},\"inLanguage\":\"fr-FR\",\"potentialAction\":[{\"@type\":\"ReadAction\",\"target\":[\"https:\\\/\\\/e2ip.com\\\/fr\\\/produits\\\/clavier-a-membrane-a-dome-metallique\\\/\"]}]},{\"@type\":\"ImageObject\",\"inLanguage\":\"fr-FR\",\"@id\":\"https:\\\/\\\/e2ip.com\\\/fr\\\/produits\\\/clavier-a-membrane-a-dome-metallique\\\/#primaryimage\",\"url\":\"https:\\\/\\\/e2ip.com\\\/wp-content\\\/uploads\\\/2024\\\/10\\\/img-product-membrane-switches.png\",\"contentUrl\":\"https:\\\/\\\/e2ip.com\\\/wp-content\\\/uploads\\\/2024\\\/10\\\/img-product-membrane-switches.png\",\"width\":1400,\"height\":1112,\"caption\":\"membrane switches\"},{\"@type\":\"BreadcrumbList\",\"@id\":\"https:\\\/\\\/e2ip.com\\\/fr\\\/produits\\\/clavier-a-membrane-a-dome-metallique\\\/#breadcrumb\",\"itemListElement\":[{\"@type\":\"ListItem\",\"position\":1,\"name\":\"Accueil\",\"item\":\"https:\\\/\\\/e2ip.com\\\/fr\\\/\"},{\"@type\":\"ListItem\",\"position\":2,\"name\":\"Produits\",\"item\":\"https:\\\/\\\/e2ip.com\\\/fr\\\/produits\\\/\"},{\"@type\":\"ListItem\",\"position\":3,\"name\":\"Clavier \u00e0 membrane \u00e0 d\u00f4me m\u00e9tallique\"}]},{\"@type\":\"WebSite\",\"@id\":\"https:\\\/\\\/e2ip.com\\\/fr\\\/#website\",\"url\":\"https:\\\/\\\/e2ip.com\\\/fr\\\/\",\"name\":\"e2ip\",\"description\":\"this needs to be update\",\"potentialAction\":[{\"@type\":\"SearchAction\",\"target\":{\"@type\":\"EntryPoint\",\"urlTemplate\":\"https:\\\/\\\/e2ip.com\\\/fr\\\/?s={search_term_string}\"},\"query-input\":{\"@type\":\"PropertyValueSpecification\",\"valueRequired\":true,\"valueName\":\"search_term_string\"}}],\"inLanguage\":\"fr-FR\"}]}<\/script>\n<!-- \/ Yoast SEO plugin. -->","yoast_head_json":{"title":"Clavier \u00e0 membrane \u00e0 d\u00f4me m\u00e9tallique | e2ip technologies","description":"Les claviers \u00e0 membrane avec d\u00f4mes m\u00e9talliques sont r\u00e9put\u00e9s pour offrir une interface utilisateur fluide et r\u00e9active, alliant un design de surface intuitif \u00e0 un retour tactile pr\u00e9cis pour une exp\u00e9rience exceptionnelle.","robots":{"index":"index","follow":"follow","max-snippet":"max-snippet:-1","max-image-preview":"max-image-preview:large","max-video-preview":"max-video-preview:-1"},"canonical":"https:\/\/e2ip.com\/fr\/produits\/clavier-a-membrane-a-dome-metallique\/","og_locale":"fr_FR","og_type":"article","og_title":"Clavier \u00e0 membrane \u00e0 d\u00f4me m\u00e9tallique | e2ip technologies","og_description":"Les claviers \u00e0 membrane avec d\u00f4mes m\u00e9talliques sont r\u00e9put\u00e9s pour offrir une interface utilisateur fluide et r\u00e9active, alliant un design de surface intuitif \u00e0 un retour tactile pr\u00e9cis pour une exp\u00e9rience exceptionnelle.","og_url":"https:\/\/e2ip.com\/fr\/produits\/clavier-a-membrane-a-dome-metallique\/","og_site_name":"e2ip","article_modified_time":"2024-11-26T18:36:37+00:00","og_image":[{"width":1400,"height":1112,"url":"https:\/\/e2ip.com\/wp-content\/uploads\/2024\/10\/img-product-membrane-switches.png","type":"image\/png"}],"twitter_card":"summary_large_image","twitter_misc":{"Dur\u00e9e de lecture estim\u00e9e":"1 minute"},"schema":{"@context":"https:\/\/schema.org","@graph":[{"@type":"WebPage","@id":"https:\/\/e2ip.com\/fr\/produits\/clavier-a-membrane-a-dome-metallique\/","url":"https:\/\/e2ip.com\/fr\/produits\/clavier-a-membrane-a-dome-metallique\/","name":"Clavier \u00e0 membrane \u00e0 d\u00f4me m\u00e9tallique | e2ip technologies","isPartOf":{"@id":"https:\/\/e2ip.com\/fr\/#website"},"primaryImageOfPage":{"@id":"https:\/\/e2ip.com\/fr\/produits\/clavier-a-membrane-a-dome-metallique\/#primaryimage"},"image":{"@id":"https:\/\/e2ip.com\/fr\/produits\/clavier-a-membrane-a-dome-metallique\/#primaryimage"},"thumbnailUrl":"https:\/\/e2ip.com\/wp-content\/uploads\/2024\/10\/img-product-membrane-switches.png","datePublished":"2024-10-03T09:37:00+00:00","dateModified":"2024-11-26T18:36:37+00:00","description":"Les claviers \u00e0 membrane avec d\u00f4mes m\u00e9talliques sont r\u00e9put\u00e9s pour offrir une interface utilisateur fluide et r\u00e9active, alliant un design de surface intuitif \u00e0 un retour tactile pr\u00e9cis pour une exp\u00e9rience exceptionnelle.","breadcrumb":{"@id":"https:\/\/e2ip.com\/fr\/produits\/clavier-a-membrane-a-dome-metallique\/#breadcrumb"},"inLanguage":"fr-FR","potentialAction":[{"@type":"ReadAction","target":["https:\/\/e2ip.com\/fr\/produits\/clavier-a-membrane-a-dome-metallique\/"]}]},{"@type":"ImageObject","inLanguage":"fr-FR","@id":"https:\/\/e2ip.com\/fr\/produits\/clavier-a-membrane-a-dome-metallique\/#primaryimage","url":"https:\/\/e2ip.com\/wp-content\/uploads\/2024\/10\/img-product-membrane-switches.png","contentUrl":"https:\/\/e2ip.com\/wp-content\/uploads\/2024\/10\/img-product-membrane-switches.png","width":1400,"height":1112,"caption":"membrane switches"},{"@type":"BreadcrumbList","@id":"https:\/\/e2ip.com\/fr\/produits\/clavier-a-membrane-a-dome-metallique\/#breadcrumb","itemListElement":[{"@type":"ListItem","position":1,"name":"Accueil","item":"https:\/\/e2ip.com\/fr\/"},{"@type":"ListItem","position":2,"name":"Produits","item":"https:\/\/e2ip.com\/fr\/produits\/"},{"@type":"ListItem","position":3,"name":"Clavier \u00e0 membrane \u00e0 d\u00f4me m\u00e9tallique"}]},{"@type":"WebSite","@id":"https:\/\/e2ip.com\/fr\/#website","url":"https:\/\/e2ip.com\/fr\/","name":"e2ip","description":"this needs to be update","potentialAction":[{"@type":"SearchAction","target":{"@type":"EntryPoint","urlTemplate":"https:\/\/e2ip.com\/fr\/?s={search_term_string}"},"query-input":{"@type":"PropertyValueSpecification","valueRequired":true,"valueName":"search_term_string"}}],"inLanguage":"fr-FR"}]}},"_links":{"self":[{"href":"https:\/\/e2ip.com\/fr\/wp-json\/wp\/v2\/pages\/4526","targetHints":{"allow":["GET"]}}],"collection":[{"href":"https:\/\/e2ip.com\/fr\/wp-json\/wp\/v2\/pages"}],"about":[{"href":"https:\/\/e2ip.com\/fr\/wp-json\/wp\/v2\/types\/page"}],"author":[{"embeddable":true,"href":"https:\/\/e2ip.com\/fr\/wp-json\/wp\/v2\/users\/2"}],"replies":[{"embeddable":true,"href":"https:\/\/e2ip.com\/fr\/wp-json\/wp\/v2\/comments?post=4526"}],"version-history":[{"count":0,"href":"https:\/\/e2ip.com\/fr\/wp-json\/wp\/v2\/pages\/4526\/revisions"}],"up":[{"embeddable":true,"href":"https:\/\/e2ip.com\/fr\/wp-json\/wp\/v2\/pages\/1529"}],"wp:featuredmedia":[{"embeddable":true,"href":"https:\/\/e2ip.com\/fr\/wp-json\/wp\/v2\/media\/4335"}],"wp:attachment":[{"href":"https:\/\/e2ip.com\/fr\/wp-json\/wp\/v2\/media?parent=4526"}],"curies":[{"name":"wp","href":"https:\/\/api.w.org\/{rel}","templated":true}]}}