{"id":2274,"date":"2022-10-28T17:51:59","date_gmt":"2022-10-28T17:51:59","guid":{"rendered":"https:\/\/staging.staging.e2ip.com\/?page_id=2274"},"modified":"2023-01-25T15:00:53","modified_gmt":"2023-01-25T15:00:53","slug":"conditions-dutilisation","status":"publish","type":"page","link":"https:\/\/e2ip.com\/fr\/conditions-dutilisation\/","title":{"rendered":"Conditions d&rsquo;utilisation"},"content":{"rendered":"<section class=\"elementor-section elementor-inner-section elementor-element elementor-element-0d45ab4 elementor-section-full_width elementor-section-height-default elementor-section-height-default\" data-id=\"0d45ab4\" data-element_type=\"section\">\n<div class=\"elementor-container elementor-column-gap-default\">\n<div class=\"elementor-row\">\n<div class=\"elementor-column elementor-col-100 elementor-inner-column elementor-element elementor-element-f92bce4\" data-id=\"f92bce4\" data-element_type=\"column\">\n<div class=\"elementor-column-wrap elementor-element-populated\">\n<div class=\"elementor-widget-wrap\">\n<div class=\"elementor-element elementor-element-ec05583 elementor-widget elementor-widget-heading\" data-id=\"ec05583\" data-element_type=\"widget\" data-widget_type=\"heading.default\">\n<div class=\"elementor-widget-container\">\n<h1 class=\"elementor-heading-title elementor-size-default\">Privacy Policy<\/h1>\n<\/div>\n<\/div>\n<\/div>\n<\/div>\n<\/div>\n<\/div>\n<\/div>\n<\/section>\n<section class=\"elementor-section elementor-inner-section elementor-element elementor-element-2232946 elementor-section-full_width elementor-section-height-default elementor-section-height-default\" data-id=\"2232946\" data-element_type=\"section\">\n<div class=\"elementor-container elementor-column-gap-default\">\n<div class=\"elementor-row\">\n<div class=\"elementor-column elementor-col-100 elementor-inner-column elementor-element elementor-element-5eeea52\" data-id=\"5eeea52\" data-element_type=\"column\">\n<div class=\"elementor-column-wrap elementor-element-populated\">\n<div class=\"elementor-widget-wrap\">\n<div class=\"elementor-element elementor-element-19fb10c elementor-widget elementor-widget-text-editor\" data-id=\"19fb10c\" data-element_type=\"widget\" data-widget_type=\"text-editor.default\">\n<div class=\"elementor-widget-container\">\n<div class=\"elementor-text-editor elementor-clearfix\">\n<p>This privacy policy is intended to establish responsible and transparent practices for the management of personal information and to satisfy the requirements of rules established by the Personal Information Protection and Electronic Documents Act (PIPEDA), as well as other applicable privacy laws and standards. e<sub>2<\/sub>ip TECHNOLOGIES (\u201ce<sub>2<\/sub>ip,\u201d \u201cWe,\u201d or \u201cCompany\u201d) is committed to ensuring that your privacy is protected. This Privacy Policy explains how we use the information we collect about you, how you can instruct us if you prefer to limit the use of that information and the procedures that we have to safeguard your privacy. This Privacy Policy applies to the information requested from you when you access e2ip.com (\u201cSite\u201d). Other websites that may be affiliated with e<sub>2<\/sub>ip may have different privacy policies.<\/p>\n<p><strong>Information Collected<\/strong><\/p>\n<p>We may collect your personally identifiable information (\u201cPersonal Information\u201d) when you use our Site. Most of the personal information you give us is collected when you request literature\/ information, fill out a questionnaire\/survey, or participate in an on-line discussion. If you desire to have access to certain restricted sections of the Site, you may be required to become a registered user, and to submit certain personally identifiable information to company. This may happen when you purchase product, sign up for services, or if you desire to receive marketing materials and information. Personally identifiable information that we may collect in such instances may include your full name, username, password, email address, mailing address, time zone, telephone number, location, application information, product preferences and other information that you decide to provide us with, or that you decide to include in any online profile. We use the information that you provide us to respond to your requests, customize your interactions with us, improve our offerings, provide materials or offers to you, allow, and communicate with you.<\/p>\n<p>We may also collect information that is provided to us by your browser or your interaction with our Site. This may include information on the browser you used to come to our Site, the Uniform Resource Locator (\u201cURL\u201d) of the website that you visited just before visiting our Site, which pages on our Site you visit, your activities on our Site, any search terms you entered, which URL you go to next, and your Internet Protocol (\u201cIP\u201d) address.<\/p>\n<p><strong>Use of Cookies and Web Beacons<\/strong><\/p>\n<p>A \u201ccookie\u201d is a small data file that a website can send to your browser, which may then be stored on your system. We use cookies to better serve you when you return to our Site. Some of our web pages may send cookies when you visit our Site, make purchases, respond to online surveys or promotions, or request information. Accepting the cookies used on our Site enables our web servers to identify your system by reading the cookie that has been stored on your system, but our web server cannot identify you unless you enter your personal information. Cookies that are placed when visiting our Site cannot be used to obtain your personal information at another Site. Cookies may also enable you to register and login to access different portions of our Site that may require a username and password. The information collected online permits us to analyze traffic patterns on our Site and is used on an anonymized basis. This can enable us over time to provide users with a better experience on our Site by improving the content and making it easier to use. The information collected online also allows us to contact you (but only to the extent permitted by applicable law), regarding our products and services that may be responsive to your needs or browsing history.<\/p>\n<p>Depending on the browser used, you can set your browser to notify you before you receive a cookie, giving you the chance to decide whether to accept it, and you can also set your browser to turn off cookies. However, if you do so, some areas of the Site may not function properly, or you may be required to re-enter your personal information to use an area of the Site.<\/p>\n<p>We may also use web beacon technologies to better tailor the site to provide better customer service. A web beacon is a single pixel GIF that allows a website to count users who have visited that page or access certain cookies. These web beacons may be placed on specific pages across this website. When a visitor accesses these pages, an anonymous notice of that visit is generated which may be processed by us. These web beacons work in conjunction with cookies. If you don\u2019t want to associate your anonymous cookie information with your visits to these pages, depending on the browser used, you can set your browser to turn off cookies.<\/p>\n<p>Certain services or features can use information about your location to provide services you request or personalize your experience. Location information may include data identifying nearby cell towers and Wi-Fi hotspots, as wells as Global Position System (GPS) data.<\/p>\n<p>The Site utilizes Google Analytics for collection and processing of anonymous data and statistics. More information is available at\u00a0<a href=\"https:\/\/www.google.com\/policies\/privacy\/partners\">www.google.com\/policies\/privacy\/partners.<\/a><\/p>\n<p><strong>Use of Your Information<\/strong><\/p>\n<p>Information is collected and used in various ways, including the following:<\/p>\n<p>Browsing \u2013 When you visit the Site, our servers automatically record information that your browser sends whenever you visit a website as log data. This log data may include information such as your IP address, browser type or the domain from which you are visiting, the websites you visit, and the search terms you use. For most users accessing the Internet from an Internet Service Provider the IP address will be different every time you log on. We use log data to monitor the use of the Site, for technical administration, to help run our site more efficiently, to gather broad demographic information, to monitor the nature and level of activity on our Site, to contact you regarding our products and services (but only to the extent permitted by applicable law), and to evaluate the effectiveness of any advertising and promotions. If required by applicable law, such information is only used on an anonymous basis to the extent technically possible, unless you expressly consent otherwise. We do not associate your IP address with any other personally identifiable information to identify you personally, except in case of violation of the Terms of Site Usage or this Privacy Policy.<\/p>\n<p>Technical Support \u2013 When you request technical support for your e<sub>2<\/sub>ip products, this information is necessary to identify your products or systems, understand the configuration of the products, diagnose your questions, and provide solutions.<\/p>\n<p>Online Surveys and Opinion \u2013 When you volunteer to complete surveys or participate in opinion polls, we use this information to improve our products and services.<\/p>\n<p>Promotional Activities \u2013 When completing a form on the Site, we may ask you for information such as your name, address and e-mail address to send you promotional e-mails (provided that, if required under the applicable law, you consented to the receipt of the emails).<\/p>\n<p>Newsletters and Promotional E-mails \u2013 As a service to our customers, we may e-mail to you, newsletters, promotional information and other information, using your Personal Information collected online. These e-mails will only be sent to you if you have agreed to receive them or, insofar this is sufficient under the applicable data protection laws, if you have the right to opt out from further receiving them.<\/p>\n<p>Contact Information \u2013 If you contact us, we may keep a record of your correspondence or comments, including any information therein, but only to the extent permitted by applicable law.<\/p>\n<p><b>Managing Your Information\u00a0<\/b><\/p>\n<p>You can always choose not to give e<sub>2<\/sub>ip information. However, certain information may be necessary for you to take advantage of Site features. If you want to add\/update your information or preferences, please modify any profile you may have established. When you update your information, we may keep a copy of your earlier information for our records.<\/p>\n<p>Certain notifications, such as product changes or updated literature, or offers are only available electronically. Please note that even if you choose not to receive electronic communications from us, our terms and conditions and policies, such as this Privacy Policy, and Terms and Conditions of Sale, will still govern your use of our Site, including any products you may purchase or samples you request. It is your responsibility to review our policies and terms and conditions for any changes. If you do not accept our terms and conditions and policies, please do not use our Site or our offerings.<\/p>\n<p>You may avoid certain \u201ccookies\u201d by indicating in any profile that you do not want us to remember you. Your browser may also have options to prevent acceptance of new \u201ccookies.\u201d There are also utilities available allowing you to visit our Site anonymously. Unfortunately, certain features and offerings available through the Site may not be available to anonymous users.<\/p>\n<p><b>Sharing Your Information<\/b><\/p>\n<p>As a customer, your information is very important to e<sub>2<\/sub>ip as we endeavor to offer new products and services to you. We are not in the business of selling your information to others. Personal Information we collect online may be used for responding to inquiries, processing orders, keeping you informed about your order status, for statistical purposes, for improving our website and its performance, for developing better products and services, to serve advertisements, surveys and promotions, and to notify you of products or special offers that may be of interest to you, but only to the extent permitted by applicable law.<\/p>\n<p><b>Protection of Information<\/b><\/p>\n<p>While e<sub>2<\/sub>ip does not guarantee that unauthorized access will never occur, we do take care in maintaining the security of your Personal Information and in preventing unauthorized access to it.<\/p>\n<p><b>Links to Other Sites<\/b><\/p>\n<p>Our Site may contain links to third-party websites for your convenience and information. If you use these links, you will leave e<sub>2<\/sub>ip\u2019s website. These linked Sites may have their own privacy statements in place which we recommend you carefully review. This Privacy Policy does not cover the information practices of those Sites to which our Site may link. We are not responsible for the content of linked Sites or any use of the Sites.<\/p>\n<p><b>Your Account\u00a0<\/b><\/p>\n<p>If you use the Site, you are responsible for maintaining the confidentiality of any account and password and for restricting access to your computer, and you agree to accept responsibility for all activities that occur under your account or password. The company reserves the right to refuse service, terminate accounts, remove or edit content, or cancel orders in its sole discretion.<\/p>\n<p><b>Privacy of Children<\/b><\/p>\n<p>Our Site is not directed to minor children and we do not knowingly collect personal information from children under the age of 18 on the Site. If we become aware that we have inadvertently received personal information from a visitor under the age of 18 on the Site, we will delete the information from our records.<\/p>\n<p><b>Law and Jurisdiction<\/b><\/p>\n<p>Your visit to our Site and any dispute over privacy is subject to our Privacy Policy and the Terms of Site Usage which include limitations on damages and application of the law of the province of Quebec, Canada without regard to any conflict of law\u2019s provisions. The federal and provincial courts of the province of Quebec shall have the exclusive jurisdiction to adjudicate any dispute relating to this Privacy Policy.<\/p>\n<p><b>Submissions<\/b><\/p>\n<p>Except for information transmitted to or exchanged with e<sub>2<\/sub>ip pursuant to a Nondisclosure Agreement executed separately by the parties, any other technical information you provide to e<sub>2<\/sub>ip such as design suggestions, ideas, proposed improvements or data that you transmit to or post on our Site by any means (the \u201cSubmissions\u201d) for any purpose including but not limited to contest participation, will be treated by e<sub>2<\/sub>ip as nonconfidential and nonproprietary. By providing the submissions, you grant e<sub>2<\/sub>ip a nonexclusive, royalty-free, perpetual, irrevocable, sublicensable right to disseminate, display, use, modify, copy, adapt, and translate the submission for any purpose whatsoever, whether commercial or noncommercial, on a world-wide basis in any media. You represent and warrant in making the submission that you own or control all rights to the submission, and that use of your submission will not cause injury to any person or entity including e<sub>2<\/sub>ip. You will indemnify e<sub>2<\/sub>ip for all claims resulting from your submission.<\/p>\n<p><b>Changes to Our Privacy Policy\u00a0<\/b><\/p>\n<p>e<sub>2<\/sub>ip reserves the right to change the terms of our Privacy Policy and Terms of Site Usage from time to time and for any reason. Check our Site frequently to see recent changes. Continued use of our Site will signify that you agree to any such changes. Unless we expressly state otherwise, our current Privacy Policy applies to all information we have about you.<\/p>\n<p><b>Consent<\/b><\/p>\n<p>By submitting your information, you consent to the use of that information as set forth in this Privacy Policy.<\/p>\n<p><b>Contact Us<\/b><\/p>\n<p>If you have any questions or concerns about our treatment of your information, please contact us at\u00a0<a href=\"https:\/\/e2ip.com\/contact\/\" target=\"_blank\" rel=\"noopener\">https:\/\/e2ip.com\/contact\/<\/a>\u00a0or by mail at the following address:<\/p>\n<p><b>e<sub>2<\/sub>ip TECHNOLOGIES<\/b><br \/>\n750 Marcel-Laurin, Suite 375<br \/>\nSt-Laurent, Qu\u00e9bec<br \/>\nH4M 2M4, Canada<\/p>\n<\/div>\n<\/div>\n<\/div>\n<\/div>\n<\/div>\n<\/div>\n<\/div>\n<\/div>\n<\/section>\n","protected":false},"excerpt":{"rendered":"<p>Privacy Policy This privacy policy is intended to establish responsible and transparent practices for the management of personal information and to satisfy the requirements of rules established by the Personal Information Protection and Electronic Documents Act (PIPEDA), as well as other applicable privacy laws and standards. e2ip TECHNOLOGIES (\u201ce2ip,\u201d \u201cWe,\u201d or \u201cCompany\u201d) is committed to [&hellip;]<\/p>\n","protected":false},"author":2,"featured_media":2564,"parent":0,"menu_order":0,"comment_status":"closed","ping_status":"open","template":"","meta":{"_acf_changed":false,"footnotes":""},"class_list":["post-2274","page","type-page","status-publish","has-post-thumbnail","hentry"],"acf":[],"yoast_head":"<!-- This site is optimized with the Yoast SEO plugin v27.4 - https:\/\/yoast.com\/product\/yoast-seo-wordpress\/ -->\n<title>Conditions d&#039;utilisation du site - e2ip<\/title>\n<meta name=\"description\" content=\"En acc\u00e9dant au site web d&#039;e2ip technologies, vous acceptez les termes et conditions \u00e9num\u00e9r\u00e9s sur cette page. Pour toute question, contactez-nous.\" \/>\n<meta name=\"robots\" content=\"index, follow, max-snippet:-1, max-image-preview:large, max-video-preview:-1\" \/>\n<link rel=\"canonical\" href=\"https:\/\/e2ip.com\/fr\/conditions-dutilisation\/\" \/>\n<meta property=\"og:locale\" content=\"fr_FR\" \/>\n<meta property=\"og:type\" content=\"article\" \/>\n<meta property=\"og:title\" content=\"Conditions d&#039;utilisation du site - e2ip\" \/>\n<meta property=\"og:description\" content=\"En acc\u00e9dant au site web d&#039;e2ip technologies, vous acceptez les termes et conditions \u00e9num\u00e9r\u00e9s sur cette page. Pour toute question, contactez-nous.\" \/>\n<meta property=\"og:url\" content=\"https:\/\/e2ip.com\/fr\/conditions-dutilisation\/\" \/>\n<meta property=\"og:site_name\" content=\"e2ip\" \/>\n<meta property=\"article:modified_time\" content=\"2023-01-25T15:00:53+00:00\" \/>\n<meta property=\"og:image\" content=\"https:\/\/e2ip.com\/wp-content\/uploads\/2022\/12\/e2ip-search-placeholder.jpg\" \/>\n\t<meta property=\"og:image:width\" content=\"1200\" \/>\n\t<meta property=\"og:image:height\" content=\"560\" \/>\n\t<meta property=\"og:image:type\" content=\"image\/jpeg\" \/>\n<meta name=\"twitter:card\" content=\"summary_large_image\" \/>\n<meta name=\"twitter:label1\" content=\"Dur\u00e9e de lecture estim\u00e9e\" \/>\n\t<meta name=\"twitter:data1\" content=\"10 minutes\" \/>\n<script type=\"application\/ld+json\" class=\"yoast-schema-graph\">{\"@context\":\"https:\\\/\\\/schema.org\",\"@graph\":[{\"@type\":\"WebPage\",\"@id\":\"https:\\\/\\\/e2ip.com\\\/fr\\\/conditions-dutilisation\\\/\",\"url\":\"https:\\\/\\\/e2ip.com\\\/fr\\\/conditions-dutilisation\\\/\",\"name\":\"Conditions d'utilisation du site - e2ip\",\"isPartOf\":{\"@id\":\"https:\\\/\\\/e2ip.com\\\/fr\\\/#website\"},\"primaryImageOfPage\":{\"@id\":\"https:\\\/\\\/e2ip.com\\\/fr\\\/conditions-dutilisation\\\/#primaryimage\"},\"image\":{\"@id\":\"https:\\\/\\\/e2ip.com\\\/fr\\\/conditions-dutilisation\\\/#primaryimage\"},\"thumbnailUrl\":\"https:\\\/\\\/e2ip.com\\\/wp-content\\\/uploads\\\/2022\\\/12\\\/e2ip-search-placeholder.jpg\",\"datePublished\":\"2022-10-28T17:51:59+00:00\",\"dateModified\":\"2023-01-25T15:00:53+00:00\",\"description\":\"En acc\u00e9dant au site web d'e2ip technologies, vous acceptez les termes et conditions \u00e9num\u00e9r\u00e9s sur cette page. Pour toute question, contactez-nous.\",\"breadcrumb\":{\"@id\":\"https:\\\/\\\/e2ip.com\\\/fr\\\/conditions-dutilisation\\\/#breadcrumb\"},\"inLanguage\":\"fr-FR\",\"potentialAction\":[{\"@type\":\"ReadAction\",\"target\":[\"https:\\\/\\\/e2ip.com\\\/fr\\\/conditions-dutilisation\\\/\"]}]},{\"@type\":\"ImageObject\",\"inLanguage\":\"fr-FR\",\"@id\":\"https:\\\/\\\/e2ip.com\\\/fr\\\/conditions-dutilisation\\\/#primaryimage\",\"url\":\"https:\\\/\\\/e2ip.com\\\/wp-content\\\/uploads\\\/2022\\\/12\\\/e2ip-search-placeholder.jpg\",\"contentUrl\":\"https:\\\/\\\/e2ip.com\\\/wp-content\\\/uploads\\\/2022\\\/12\\\/e2ip-search-placeholder.jpg\",\"width\":1200,\"height\":560},{\"@type\":\"BreadcrumbList\",\"@id\":\"https:\\\/\\\/e2ip.com\\\/fr\\\/conditions-dutilisation\\\/#breadcrumb\",\"itemListElement\":[{\"@type\":\"ListItem\",\"position\":1,\"name\":\"Accueil\",\"item\":\"https:\\\/\\\/e2ip.com\\\/fr\\\/\"},{\"@type\":\"ListItem\",\"position\":2,\"name\":\"Conditions d&#8217;utilisation\"}]},{\"@type\":\"WebSite\",\"@id\":\"https:\\\/\\\/e2ip.com\\\/fr\\\/#website\",\"url\":\"https:\\\/\\\/e2ip.com\\\/fr\\\/\",\"name\":\"e2ip\",\"description\":\"this needs to be update\",\"potentialAction\":[{\"@type\":\"SearchAction\",\"target\":{\"@type\":\"EntryPoint\",\"urlTemplate\":\"https:\\\/\\\/e2ip.com\\\/fr\\\/?s={search_term_string}\"},\"query-input\":{\"@type\":\"PropertyValueSpecification\",\"valueRequired\":true,\"valueName\":\"search_term_string\"}}],\"inLanguage\":\"fr-FR\"}]}<\/script>\n<!-- \/ Yoast SEO plugin. -->","yoast_head_json":{"title":"Conditions d'utilisation du site - e2ip","description":"En acc\u00e9dant au site web d'e2ip technologies, vous acceptez les termes et conditions \u00e9num\u00e9r\u00e9s sur cette page. Pour toute question, contactez-nous.","robots":{"index":"index","follow":"follow","max-snippet":"max-snippet:-1","max-image-preview":"max-image-preview:large","max-video-preview":"max-video-preview:-1"},"canonical":"https:\/\/e2ip.com\/fr\/conditions-dutilisation\/","og_locale":"fr_FR","og_type":"article","og_title":"Conditions d'utilisation du site - e2ip","og_description":"En acc\u00e9dant au site web d'e2ip technologies, vous acceptez les termes et conditions \u00e9num\u00e9r\u00e9s sur cette page. Pour toute question, contactez-nous.","og_url":"https:\/\/e2ip.com\/fr\/conditions-dutilisation\/","og_site_name":"e2ip","article_modified_time":"2023-01-25T15:00:53+00:00","og_image":[{"width":1200,"height":560,"url":"https:\/\/e2ip.com\/wp-content\/uploads\/2022\/12\/e2ip-search-placeholder.jpg","type":"image\/jpeg"}],"twitter_card":"summary_large_image","twitter_misc":{"Dur\u00e9e de lecture estim\u00e9e":"10 minutes"},"schema":{"@context":"https:\/\/schema.org","@graph":[{"@type":"WebPage","@id":"https:\/\/e2ip.com\/fr\/conditions-dutilisation\/","url":"https:\/\/e2ip.com\/fr\/conditions-dutilisation\/","name":"Conditions d'utilisation du site - e2ip","isPartOf":{"@id":"https:\/\/e2ip.com\/fr\/#website"},"primaryImageOfPage":{"@id":"https:\/\/e2ip.com\/fr\/conditions-dutilisation\/#primaryimage"},"image":{"@id":"https:\/\/e2ip.com\/fr\/conditions-dutilisation\/#primaryimage"},"thumbnailUrl":"https:\/\/e2ip.com\/wp-content\/uploads\/2022\/12\/e2ip-search-placeholder.jpg","datePublished":"2022-10-28T17:51:59+00:00","dateModified":"2023-01-25T15:00:53+00:00","description":"En acc\u00e9dant au site web d'e2ip technologies, vous acceptez les termes et conditions \u00e9num\u00e9r\u00e9s sur cette page. Pour toute question, contactez-nous.","breadcrumb":{"@id":"https:\/\/e2ip.com\/fr\/conditions-dutilisation\/#breadcrumb"},"inLanguage":"fr-FR","potentialAction":[{"@type":"ReadAction","target":["https:\/\/e2ip.com\/fr\/conditions-dutilisation\/"]}]},{"@type":"ImageObject","inLanguage":"fr-FR","@id":"https:\/\/e2ip.com\/fr\/conditions-dutilisation\/#primaryimage","url":"https:\/\/e2ip.com\/wp-content\/uploads\/2022\/12\/e2ip-search-placeholder.jpg","contentUrl":"https:\/\/e2ip.com\/wp-content\/uploads\/2022\/12\/e2ip-search-placeholder.jpg","width":1200,"height":560},{"@type":"BreadcrumbList","@id":"https:\/\/e2ip.com\/fr\/conditions-dutilisation\/#breadcrumb","itemListElement":[{"@type":"ListItem","position":1,"name":"Accueil","item":"https:\/\/e2ip.com\/fr\/"},{"@type":"ListItem","position":2,"name":"Conditions d&#8217;utilisation"}]},{"@type":"WebSite","@id":"https:\/\/e2ip.com\/fr\/#website","url":"https:\/\/e2ip.com\/fr\/","name":"e2ip","description":"this needs to be update","potentialAction":[{"@type":"SearchAction","target":{"@type":"EntryPoint","urlTemplate":"https:\/\/e2ip.com\/fr\/?s={search_term_string}"},"query-input":{"@type":"PropertyValueSpecification","valueRequired":true,"valueName":"search_term_string"}}],"inLanguage":"fr-FR"}]}},"_links":{"self":[{"href":"https:\/\/e2ip.com\/fr\/wp-json\/wp\/v2\/pages\/2274","targetHints":{"allow":["GET"]}}],"collection":[{"href":"https:\/\/e2ip.com\/fr\/wp-json\/wp\/v2\/pages"}],"about":[{"href":"https:\/\/e2ip.com\/fr\/wp-json\/wp\/v2\/types\/page"}],"author":[{"embeddable":true,"href":"https:\/\/e2ip.com\/fr\/wp-json\/wp\/v2\/users\/2"}],"replies":[{"embeddable":true,"href":"https:\/\/e2ip.com\/fr\/wp-json\/wp\/v2\/comments?post=2274"}],"version-history":[{"count":0,"href":"https:\/\/e2ip.com\/fr\/wp-json\/wp\/v2\/pages\/2274\/revisions"}],"wp:featuredmedia":[{"embeddable":true,"href":"https:\/\/e2ip.com\/fr\/wp-json\/wp\/v2\/media\/2564"}],"wp:attachment":[{"href":"https:\/\/e2ip.com\/fr\/wp-json\/wp\/v2\/media?parent=2274"}],"curies":[{"name":"wp","href":"https:\/\/api.w.org\/{rel}","templated":true}]}}