{"id":2025,"date":"2022-09-01T09:54:17","date_gmt":"2022-09-01T09:54:17","guid":{"rendered":"https:\/\/staging.staging.e2ip.com\/essentials\/screen-printing\/"},"modified":"2024-09-30T15:13:54","modified_gmt":"2024-09-30T15:13:54","slug":"serigraphie","status":"publish","type":"page","link":"https:\/\/e2ip.com\/fr\/essentiels\/serigraphie\/","title":{"rendered":"S\u00e9rigraphie"},"content":{"rendered":"","protected":false},"excerpt":{"rendered":"","protected":false},"author":2,"featured_media":1855,"parent":1510,"menu_order":0,"comment_status":"closed","ping_status":"closed","template":"","meta":{"_acf_changed":false,"footnotes":""},"class_list":["post-2025","page","type-page","status-publish","has-post-thumbnail","hentry"],"acf":[],"yoast_head":"<!-- This site is optimized with the Yoast SEO plugin v27.3 - https:\/\/yoast.com\/product\/yoast-seo-wordpress\/ -->\n<title>30 ans d&#039;exp\u00e9rience en s\u00e9rigraphie | e2ip technologies<\/title>\n<meta name=\"description\" content=\"La recherche scientifique et les acquisitions strat\u00e9giques ont permis \u00e0 e2ip d&#039;innover et d&#039;\u00e9voluer dans le domaine de la s\u00e9rigraphie.\" \/>\n<meta name=\"robots\" content=\"index, follow, max-snippet:-1, max-image-preview:large, max-video-preview:-1\" \/>\n<link rel=\"canonical\" href=\"https:\/\/e2ip.com\/fr\/essentiels\/serigraphie\/\" \/>\n<meta property=\"og:locale\" content=\"fr_FR\" \/>\n<meta property=\"og:type\" content=\"article\" \/>\n<meta property=\"og:title\" content=\"30 ans d&#039;exp\u00e9rience en s\u00e9rigraphie | e2ip technologies\" \/>\n<meta property=\"og:description\" content=\"La recherche scientifique et les acquisitions strat\u00e9giques ont permis \u00e0 e2ip d&#039;innover et d&#039;\u00e9voluer dans le domaine de la s\u00e9rigraphie.\" \/>\n<meta property=\"og:url\" content=\"https:\/\/e2ip.com\/fr\/essentiels\/serigraphie\/\" \/>\n<meta property=\"og:site_name\" content=\"e2ip\" \/>\n<meta property=\"article:modified_time\" content=\"2024-09-30T15:13:54+00:00\" \/>\n<meta property=\"og:image\" content=\"https:\/\/e2ip.com\/wp-content\/uploads\/2022\/08\/img-essentials-printed-sensors-1.png\" \/>\n\t<meta property=\"og:image:width\" content=\"1182\" \/>\n\t<meta property=\"og:image:height\" content=\"960\" \/>\n\t<meta property=\"og:image:type\" content=\"image\/png\" \/>\n<meta name=\"twitter:card\" content=\"summary_large_image\" \/>\n<meta name=\"twitter:label1\" content=\"Dur\u00e9e de lecture estim\u00e9e\" \/>\n\t<meta name=\"twitter:data1\" content=\"1 minute\" \/>\n<script type=\"application\/ld+json\" class=\"yoast-schema-graph\">{\"@context\":\"https:\\\/\\\/schema.org\",\"@graph\":[{\"@type\":\"WebPage\",\"@id\":\"https:\\\/\\\/e2ip.com\\\/fr\\\/essentiels\\\/serigraphie\\\/\",\"url\":\"https:\\\/\\\/e2ip.com\\\/fr\\\/essentiels\\\/serigraphie\\\/\",\"name\":\"30 ans d'exp\u00e9rience en s\u00e9rigraphie | e2ip technologies\",\"isPartOf\":{\"@id\":\"https:\\\/\\\/e2ip.com\\\/fr\\\/#website\"},\"primaryImageOfPage\":{\"@id\":\"https:\\\/\\\/e2ip.com\\\/fr\\\/essentiels\\\/serigraphie\\\/#primaryimage\"},\"image\":{\"@id\":\"https:\\\/\\\/e2ip.com\\\/fr\\\/essentiels\\\/serigraphie\\\/#primaryimage\"},\"thumbnailUrl\":\"https:\\\/\\\/e2ip.com\\\/wp-content\\\/uploads\\\/2022\\\/08\\\/img-essentials-printed-sensors-1.png\",\"datePublished\":\"2022-09-01T09:54:17+00:00\",\"dateModified\":\"2024-09-30T15:13:54+00:00\",\"description\":\"La recherche scientifique et les acquisitions strat\u00e9giques ont permis \u00e0 e2ip d'innover et d'\u00e9voluer dans le domaine de la s\u00e9rigraphie.\",\"breadcrumb\":{\"@id\":\"https:\\\/\\\/e2ip.com\\\/fr\\\/essentiels\\\/serigraphie\\\/#breadcrumb\"},\"inLanguage\":\"fr-FR\",\"potentialAction\":[{\"@type\":\"ReadAction\",\"target\":[\"https:\\\/\\\/e2ip.com\\\/fr\\\/essentiels\\\/serigraphie\\\/\"]}]},{\"@type\":\"ImageObject\",\"inLanguage\":\"fr-FR\",\"@id\":\"https:\\\/\\\/e2ip.com\\\/fr\\\/essentiels\\\/serigraphie\\\/#primaryimage\",\"url\":\"https:\\\/\\\/e2ip.com\\\/wp-content\\\/uploads\\\/2022\\\/08\\\/img-essentials-printed-sensors-1.png\",\"contentUrl\":\"https:\\\/\\\/e2ip.com\\\/wp-content\\\/uploads\\\/2022\\\/08\\\/img-essentials-printed-sensors-1.png\",\"width\":1182,\"height\":960,\"caption\":\"Essential Printed Sensor\"},{\"@type\":\"BreadcrumbList\",\"@id\":\"https:\\\/\\\/e2ip.com\\\/fr\\\/essentiels\\\/serigraphie\\\/#breadcrumb\",\"itemListElement\":[{\"@type\":\"ListItem\",\"position\":1,\"name\":\"Accueil\",\"item\":\"https:\\\/\\\/e2ip.com\\\/fr\\\/\"},{\"@type\":\"ListItem\",\"position\":2,\"name\":\"Essentiels\",\"item\":\"https:\\\/\\\/e2ip.com\\\/fr\\\/essentiels\\\/\"},{\"@type\":\"ListItem\",\"position\":3,\"name\":\"S\u00e9rigraphie\"}]},{\"@type\":\"WebSite\",\"@id\":\"https:\\\/\\\/e2ip.com\\\/fr\\\/#website\",\"url\":\"https:\\\/\\\/e2ip.com\\\/fr\\\/\",\"name\":\"e2ip\",\"description\":\"this needs to be update\",\"potentialAction\":[{\"@type\":\"SearchAction\",\"target\":{\"@type\":\"EntryPoint\",\"urlTemplate\":\"https:\\\/\\\/e2ip.com\\\/fr\\\/?s={search_term_string}\"},\"query-input\":{\"@type\":\"PropertyValueSpecification\",\"valueRequired\":true,\"valueName\":\"search_term_string\"}}],\"inLanguage\":\"fr-FR\"}]}<\/script>\n<!-- \/ Yoast SEO plugin. -->","yoast_head_json":{"title":"30 ans d'exp\u00e9rience en s\u00e9rigraphie | e2ip technologies","description":"La recherche scientifique et les acquisitions strat\u00e9giques ont permis \u00e0 e2ip d'innover et d'\u00e9voluer dans le domaine de la s\u00e9rigraphie.","robots":{"index":"index","follow":"follow","max-snippet":"max-snippet:-1","max-image-preview":"max-image-preview:large","max-video-preview":"max-video-preview:-1"},"canonical":"https:\/\/e2ip.com\/fr\/essentiels\/serigraphie\/","og_locale":"fr_FR","og_type":"article","og_title":"30 ans d'exp\u00e9rience en s\u00e9rigraphie | e2ip technologies","og_description":"La recherche scientifique et les acquisitions strat\u00e9giques ont permis \u00e0 e2ip d'innover et d'\u00e9voluer dans le domaine de la s\u00e9rigraphie.","og_url":"https:\/\/e2ip.com\/fr\/essentiels\/serigraphie\/","og_site_name":"e2ip","article_modified_time":"2024-09-30T15:13:54+00:00","og_image":[{"width":1182,"height":960,"url":"https:\/\/e2ip.com\/wp-content\/uploads\/2022\/08\/img-essentials-printed-sensors-1.png","type":"image\/png"}],"twitter_card":"summary_large_image","twitter_misc":{"Dur\u00e9e de lecture estim\u00e9e":"1 minute"},"schema":{"@context":"https:\/\/schema.org","@graph":[{"@type":"WebPage","@id":"https:\/\/e2ip.com\/fr\/essentiels\/serigraphie\/","url":"https:\/\/e2ip.com\/fr\/essentiels\/serigraphie\/","name":"30 ans d'exp\u00e9rience en s\u00e9rigraphie | e2ip technologies","isPartOf":{"@id":"https:\/\/e2ip.com\/fr\/#website"},"primaryImageOfPage":{"@id":"https:\/\/e2ip.com\/fr\/essentiels\/serigraphie\/#primaryimage"},"image":{"@id":"https:\/\/e2ip.com\/fr\/essentiels\/serigraphie\/#primaryimage"},"thumbnailUrl":"https:\/\/e2ip.com\/wp-content\/uploads\/2022\/08\/img-essentials-printed-sensors-1.png","datePublished":"2022-09-01T09:54:17+00:00","dateModified":"2024-09-30T15:13:54+00:00","description":"La recherche scientifique et les acquisitions strat\u00e9giques ont permis \u00e0 e2ip d'innover et d'\u00e9voluer dans le domaine de la s\u00e9rigraphie.","breadcrumb":{"@id":"https:\/\/e2ip.com\/fr\/essentiels\/serigraphie\/#breadcrumb"},"inLanguage":"fr-FR","potentialAction":[{"@type":"ReadAction","target":["https:\/\/e2ip.com\/fr\/essentiels\/serigraphie\/"]}]},{"@type":"ImageObject","inLanguage":"fr-FR","@id":"https:\/\/e2ip.com\/fr\/essentiels\/serigraphie\/#primaryimage","url":"https:\/\/e2ip.com\/wp-content\/uploads\/2022\/08\/img-essentials-printed-sensors-1.png","contentUrl":"https:\/\/e2ip.com\/wp-content\/uploads\/2022\/08\/img-essentials-printed-sensors-1.png","width":1182,"height":960,"caption":"Essential Printed Sensor"},{"@type":"BreadcrumbList","@id":"https:\/\/e2ip.com\/fr\/essentiels\/serigraphie\/#breadcrumb","itemListElement":[{"@type":"ListItem","position":1,"name":"Accueil","item":"https:\/\/e2ip.com\/fr\/"},{"@type":"ListItem","position":2,"name":"Essentiels","item":"https:\/\/e2ip.com\/fr\/essentiels\/"},{"@type":"ListItem","position":3,"name":"S\u00e9rigraphie"}]},{"@type":"WebSite","@id":"https:\/\/e2ip.com\/fr\/#website","url":"https:\/\/e2ip.com\/fr\/","name":"e2ip","description":"this needs to be update","potentialAction":[{"@type":"SearchAction","target":{"@type":"EntryPoint","urlTemplate":"https:\/\/e2ip.com\/fr\/?s={search_term_string}"},"query-input":{"@type":"PropertyValueSpecification","valueRequired":true,"valueName":"search_term_string"}}],"inLanguage":"fr-FR"}]}},"_links":{"self":[{"href":"https:\/\/e2ip.com\/fr\/wp-json\/wp\/v2\/pages\/2025","targetHints":{"allow":["GET"]}}],"collection":[{"href":"https:\/\/e2ip.com\/fr\/wp-json\/wp\/v2\/pages"}],"about":[{"href":"https:\/\/e2ip.com\/fr\/wp-json\/wp\/v2\/types\/page"}],"author":[{"embeddable":true,"href":"https:\/\/e2ip.com\/fr\/wp-json\/wp\/v2\/users\/2"}],"replies":[{"embeddable":true,"href":"https:\/\/e2ip.com\/fr\/wp-json\/wp\/v2\/comments?post=2025"}],"version-history":[{"count":0,"href":"https:\/\/e2ip.com\/fr\/wp-json\/wp\/v2\/pages\/2025\/revisions"}],"up":[{"embeddable":true,"href":"https:\/\/e2ip.com\/fr\/wp-json\/wp\/v2\/pages\/1510"}],"wp:featuredmedia":[{"embeddable":true,"href":"https:\/\/e2ip.com\/fr\/wp-json\/wp\/v2\/media\/1855"}],"wp:attachment":[{"href":"https:\/\/e2ip.com\/fr\/wp-json\/wp\/v2\/media?parent=2025"}],"curies":[{"name":"wp","href":"https:\/\/api.w.org\/{rel}","templated":true}]}}