{"id":2019,"date":"2022-09-01T14:29:10","date_gmt":"2022-09-01T14:29:10","guid":{"rendered":"https:\/\/staging.staging.e2ip.com\/about\/careers\/"},"modified":"2024-09-26T19:21:45","modified_gmt":"2024-09-26T19:21:45","slug":"carrieres","status":"publish","type":"page","link":"https:\/\/e2ip.com\/fr\/carrieres\/","title":{"rendered":"Carri\u00e8res"},"content":{"rendered":"<div class=\"w-full border-b border-black\/10 dark:border-gray-900\/50 text-gray-800 dark:text-gray-100 group bg-gray-50 dark:bg-[#444654]\">\n<div class=\"text-base gap-4 md:gap-6 m-auto md:max-w-2xl lg:max-w-2xl xl:max-w-3xl p-4 md:py-6 flex lg:px-0\">\n<div class=\"relative flex w-[calc(100%-50px)] flex-col gap-1 md:gap-3 lg:w-[calc(100%-115px)]\">\n<div class=\"flex flex-grow flex-col gap-3\">\n<div class=\"min-h-[20px] flex flex-col items-start gap-4 whitespace-pre-wrap\">\n<div class=\"markdown prose w-full break-words dark:prose-invert light\">\n<p>Programmes de stages d&rsquo;\u00e9tudiants avec les \u00e9coles avec lesquelles nous travaillons<\/p>\n<\/div>\n<\/div>\n<\/div>\n<div class=\"flex justify-between\">\n<div class=\"text-gray-400 flex self-end lg:self-center justify-center mt-2 gap-3 md:gap-4 lg:gap-1 lg:absolute lg:top-0 lg:translate-x-full lg:right-0 lg:mt-0 lg:pl-2 visible\"><\/div>\n<\/div>\n<\/div>\n<\/div>\n<\/div>\n","protected":false},"excerpt":{"rendered":"<p>Programmes de stages d&rsquo;\u00e9tudiants avec les \u00e9coles avec lesquelles nous travaillons<\/p>\n","protected":false},"author":2,"featured_media":3045,"parent":0,"menu_order":0,"comment_status":"closed","ping_status":"closed","template":"","meta":{"_acf_changed":false,"footnotes":""},"class_list":["post-2019","page","type-page","status-publish","has-post-thumbnail","hentry"],"acf":[],"yoast_head":"<!-- This site is optimized with the Yoast SEO plugin v27.5 - https:\/\/yoast.com\/product\/yoast-seo-wordpress\/ -->\n<title>Carri\u00e8res - e2ip<\/title>\n<meta name=\"description\" content=\"Chez e2ip, nous avons une culture inn\u00e9e de la responsabilit\u00e9 d\u2019entreprise qui est profond\u00e9ment ancr\u00e9e dans notre raison d\u2019\u00eatre en tant qu\u2019entreprise\" \/>\n<meta name=\"robots\" content=\"index, follow, max-snippet:-1, max-image-preview:large, max-video-preview:-1\" \/>\n<link rel=\"canonical\" href=\"https:\/\/e2ip.com\/fr\/carrieres\/\" \/>\n<meta property=\"og:locale\" content=\"fr_FR\" \/>\n<meta property=\"og:type\" content=\"article\" \/>\n<meta property=\"og:title\" content=\"Carri\u00e8res - e2ip\" \/>\n<meta property=\"og:description\" content=\"Chez e2ip, nous avons une culture inn\u00e9e de la responsabilit\u00e9 d\u2019entreprise qui est profond\u00e9ment ancr\u00e9e dans notre raison d\u2019\u00eatre en tant qu\u2019entreprise\" \/>\n<meta property=\"og:url\" content=\"https:\/\/e2ip.com\/fr\/carrieres\/\" \/>\n<meta property=\"og:site_name\" content=\"e2ip\" \/>\n<meta property=\"article:modified_time\" content=\"2024-09-26T19:21:45+00:00\" \/>\n<meta property=\"og:image\" content=\"https:\/\/e2ip.com\/wp-content\/uploads\/2023\/03\/employees_working_office_meeting_e2ip_talent__culture_careers-1-e1680191855838.png\" \/>\n\t<meta property=\"og:image:width\" content=\"1000\" \/>\n\t<meta property=\"og:image:height\" content=\"816\" \/>\n\t<meta property=\"og:image:type\" content=\"image\/png\" \/>\n<meta name=\"twitter:card\" content=\"summary_large_image\" \/>\n<meta name=\"twitter:label1\" content=\"Dur\u00e9e de lecture estim\u00e9e\" \/>\n\t<meta name=\"twitter:data1\" content=\"1 minute\" \/>\n<script type=\"application\/ld+json\" class=\"yoast-schema-graph\">{\"@context\":\"https:\\\/\\\/schema.org\",\"@graph\":[{\"@type\":\"WebPage\",\"@id\":\"https:\\\/\\\/e2ip.com\\\/fr\\\/carrieres\\\/\",\"url\":\"https:\\\/\\\/e2ip.com\\\/fr\\\/carrieres\\\/\",\"name\":\"Carri\u00e8res - e2ip\",\"isPartOf\":{\"@id\":\"https:\\\/\\\/e2ip.com\\\/fr\\\/#website\"},\"primaryImageOfPage\":{\"@id\":\"https:\\\/\\\/e2ip.com\\\/fr\\\/carrieres\\\/#primaryimage\"},\"image\":{\"@id\":\"https:\\\/\\\/e2ip.com\\\/fr\\\/carrieres\\\/#primaryimage\"},\"thumbnailUrl\":\"https:\\\/\\\/e2ip.com\\\/wp-content\\\/uploads\\\/2023\\\/03\\\/employees_working_office_meeting_e2ip_talent__culture_careers-1-e1680191855838.png\",\"datePublished\":\"2022-09-01T14:29:10+00:00\",\"dateModified\":\"2024-09-26T19:21:45+00:00\",\"description\":\"Chez e2ip, nous avons une culture inn\u00e9e de la responsabilit\u00e9 d\u2019entreprise qui est profond\u00e9ment ancr\u00e9e dans notre raison d\u2019\u00eatre en tant qu\u2019entreprise\",\"breadcrumb\":{\"@id\":\"https:\\\/\\\/e2ip.com\\\/fr\\\/carrieres\\\/#breadcrumb\"},\"inLanguage\":\"fr-FR\",\"potentialAction\":[{\"@type\":\"ReadAction\",\"target\":[\"https:\\\/\\\/e2ip.com\\\/fr\\\/carrieres\\\/\"]}]},{\"@type\":\"ImageObject\",\"inLanguage\":\"fr-FR\",\"@id\":\"https:\\\/\\\/e2ip.com\\\/fr\\\/carrieres\\\/#primaryimage\",\"url\":\"https:\\\/\\\/e2ip.com\\\/wp-content\\\/uploads\\\/2023\\\/03\\\/employees_working_office_meeting_e2ip_talent__culture_careers-1-e1680191855838.png\",\"contentUrl\":\"https:\\\/\\\/e2ip.com\\\/wp-content\\\/uploads\\\/2023\\\/03\\\/employees_working_office_meeting_e2ip_talent__culture_careers-1-e1680191855838.png\",\"width\":1000,\"height\":816},{\"@type\":\"BreadcrumbList\",\"@id\":\"https:\\\/\\\/e2ip.com\\\/fr\\\/carrieres\\\/#breadcrumb\",\"itemListElement\":[{\"@type\":\"ListItem\",\"position\":1,\"name\":\"Accueil\",\"item\":\"https:\\\/\\\/e2ip.com\\\/fr\\\/\"},{\"@type\":\"ListItem\",\"position\":2,\"name\":\"Carri\u00e8res\"}]},{\"@type\":\"WebSite\",\"@id\":\"https:\\\/\\\/e2ip.com\\\/fr\\\/#website\",\"url\":\"https:\\\/\\\/e2ip.com\\\/fr\\\/\",\"name\":\"e2ip\",\"description\":\"this needs to be update\",\"potentialAction\":[{\"@type\":\"SearchAction\",\"target\":{\"@type\":\"EntryPoint\",\"urlTemplate\":\"https:\\\/\\\/e2ip.com\\\/fr\\\/?s={search_term_string}\"},\"query-input\":{\"@type\":\"PropertyValueSpecification\",\"valueRequired\":true,\"valueName\":\"search_term_string\"}}],\"inLanguage\":\"fr-FR\"}]}<\/script>\n<!-- \/ Yoast SEO plugin. -->","yoast_head_json":{"title":"Carri\u00e8res - e2ip","description":"Chez e2ip, nous avons une culture inn\u00e9e de la responsabilit\u00e9 d\u2019entreprise qui est profond\u00e9ment ancr\u00e9e dans notre raison d\u2019\u00eatre en tant qu\u2019entreprise","robots":{"index":"index","follow":"follow","max-snippet":"max-snippet:-1","max-image-preview":"max-image-preview:large","max-video-preview":"max-video-preview:-1"},"canonical":"https:\/\/e2ip.com\/fr\/carrieres\/","og_locale":"fr_FR","og_type":"article","og_title":"Carri\u00e8res - e2ip","og_description":"Chez e2ip, nous avons une culture inn\u00e9e de la responsabilit\u00e9 d\u2019entreprise qui est profond\u00e9ment ancr\u00e9e dans notre raison d\u2019\u00eatre en tant qu\u2019entreprise","og_url":"https:\/\/e2ip.com\/fr\/carrieres\/","og_site_name":"e2ip","article_modified_time":"2024-09-26T19:21:45+00:00","og_image":[{"width":1000,"height":816,"url":"https:\/\/e2ip.com\/wp-content\/uploads\/2023\/03\/employees_working_office_meeting_e2ip_talent__culture_careers-1-e1680191855838.png","type":"image\/png"}],"twitter_card":"summary_large_image","twitter_misc":{"Dur\u00e9e de lecture estim\u00e9e":"1 minute"},"schema":{"@context":"https:\/\/schema.org","@graph":[{"@type":"WebPage","@id":"https:\/\/e2ip.com\/fr\/carrieres\/","url":"https:\/\/e2ip.com\/fr\/carrieres\/","name":"Carri\u00e8res - e2ip","isPartOf":{"@id":"https:\/\/e2ip.com\/fr\/#website"},"primaryImageOfPage":{"@id":"https:\/\/e2ip.com\/fr\/carrieres\/#primaryimage"},"image":{"@id":"https:\/\/e2ip.com\/fr\/carrieres\/#primaryimage"},"thumbnailUrl":"https:\/\/e2ip.com\/wp-content\/uploads\/2023\/03\/employees_working_office_meeting_e2ip_talent__culture_careers-1-e1680191855838.png","datePublished":"2022-09-01T14:29:10+00:00","dateModified":"2024-09-26T19:21:45+00:00","description":"Chez e2ip, nous avons une culture inn\u00e9e de la responsabilit\u00e9 d\u2019entreprise qui est profond\u00e9ment ancr\u00e9e dans notre raison d\u2019\u00eatre en tant qu\u2019entreprise","breadcrumb":{"@id":"https:\/\/e2ip.com\/fr\/carrieres\/#breadcrumb"},"inLanguage":"fr-FR","potentialAction":[{"@type":"ReadAction","target":["https:\/\/e2ip.com\/fr\/carrieres\/"]}]},{"@type":"ImageObject","inLanguage":"fr-FR","@id":"https:\/\/e2ip.com\/fr\/carrieres\/#primaryimage","url":"https:\/\/e2ip.com\/wp-content\/uploads\/2023\/03\/employees_working_office_meeting_e2ip_talent__culture_careers-1-e1680191855838.png","contentUrl":"https:\/\/e2ip.com\/wp-content\/uploads\/2023\/03\/employees_working_office_meeting_e2ip_talent__culture_careers-1-e1680191855838.png","width":1000,"height":816},{"@type":"BreadcrumbList","@id":"https:\/\/e2ip.com\/fr\/carrieres\/#breadcrumb","itemListElement":[{"@type":"ListItem","position":1,"name":"Accueil","item":"https:\/\/e2ip.com\/fr\/"},{"@type":"ListItem","position":2,"name":"Carri\u00e8res"}]},{"@type":"WebSite","@id":"https:\/\/e2ip.com\/fr\/#website","url":"https:\/\/e2ip.com\/fr\/","name":"e2ip","description":"this needs to be update","potentialAction":[{"@type":"SearchAction","target":{"@type":"EntryPoint","urlTemplate":"https:\/\/e2ip.com\/fr\/?s={search_term_string}"},"query-input":{"@type":"PropertyValueSpecification","valueRequired":true,"valueName":"search_term_string"}}],"inLanguage":"fr-FR"}]}},"_links":{"self":[{"href":"https:\/\/e2ip.com\/fr\/wp-json\/wp\/v2\/pages\/2019","targetHints":{"allow":["GET"]}}],"collection":[{"href":"https:\/\/e2ip.com\/fr\/wp-json\/wp\/v2\/pages"}],"about":[{"href":"https:\/\/e2ip.com\/fr\/wp-json\/wp\/v2\/types\/page"}],"author":[{"embeddable":true,"href":"https:\/\/e2ip.com\/fr\/wp-json\/wp\/v2\/users\/2"}],"replies":[{"embeddable":true,"href":"https:\/\/e2ip.com\/fr\/wp-json\/wp\/v2\/comments?post=2019"}],"version-history":[{"count":0,"href":"https:\/\/e2ip.com\/fr\/wp-json\/wp\/v2\/pages\/2019\/revisions"}],"wp:featuredmedia":[{"embeddable":true,"href":"https:\/\/e2ip.com\/fr\/wp-json\/wp\/v2\/media\/3045"}],"wp:attachment":[{"href":"https:\/\/e2ip.com\/fr\/wp-json\/wp\/v2\/media?parent=2019"}],"curies":[{"name":"wp","href":"https:\/\/api.w.org\/{rel}","templated":true}]}}