{"id":1540,"date":"2022-08-02T11:36:05","date_gmt":"2022-08-02T11:36:05","guid":{"rendered":"https:\/\/staging.staging.e2ip.com\/services\/"},"modified":"2025-07-29T17:28:49","modified_gmt":"2025-07-29T17:28:49","slug":"services","status":"publish","type":"page","link":"https:\/\/e2ip.com\/fr\/services\/","title":{"rendered":"Services"},"content":{"rendered":"","protected":false},"excerpt":{"rendered":"","protected":false},"author":2,"featured_media":595,"parent":0,"menu_order":0,"comment_status":"closed","ping_status":"closed","template":"","meta":{"_acf_changed":false,"footnotes":""},"class_list":["post-1540","page","type-page","status-publish","has-post-thumbnail","hentry"],"acf":[],"yoast_head":"<!-- This site is optimized with the Yoast SEO plugin v27.4 - https:\/\/yoast.com\/product\/yoast-seo-wordpress\/ -->\n<title>Services - e2ip<\/title>\n<meta name=\"description\" content=\"De l&#039;id\u00e9e \u00e0 la fabrication, les \u00e9quipes multidisciplinaires d&#039;e2ip technologies suivent une m\u00e9thodologie \u00e9prouv\u00e9e pour donner vie aux id\u00e9es de nos clients.\" \/>\n<meta name=\"robots\" content=\"index, follow, max-snippet:-1, max-image-preview:large, max-video-preview:-1\" \/>\n<link rel=\"canonical\" href=\"https:\/\/e2ip.com\/fr\/services\/\" \/>\n<meta property=\"og:locale\" content=\"fr_FR\" \/>\n<meta property=\"og:type\" content=\"article\" \/>\n<meta property=\"og:title\" content=\"Services - e2ip\" \/>\n<meta property=\"og:description\" content=\"De l&#039;id\u00e9e \u00e0 la fabrication, les \u00e9quipes multidisciplinaires d&#039;e2ip technologies suivent une m\u00e9thodologie \u00e9prouv\u00e9e pour donner vie aux id\u00e9es de nos clients.\" \/>\n<meta property=\"og:url\" content=\"https:\/\/e2ip.com\/fr\/services\/\" \/>\n<meta property=\"og:site_name\" content=\"e2ip\" \/>\n<meta property=\"article:modified_time\" content=\"2025-07-29T17:28:49+00:00\" \/>\n<meta property=\"og:image\" content=\"https:\/\/e2ip.com\/wp-content\/uploads\/2022\/08\/img-header-services.jpg\" \/>\n\t<meta property=\"og:image:width\" content=\"1262\" \/>\n\t<meta property=\"og:image:height\" content=\"954\" \/>\n\t<meta property=\"og:image:type\" content=\"image\/jpeg\" \/>\n<meta name=\"twitter:card\" content=\"summary_large_image\" \/>\n<meta name=\"twitter:label1\" content=\"Dur\u00e9e de lecture estim\u00e9e\" \/>\n\t<meta name=\"twitter:data1\" content=\"1 minute\" \/>\n<script type=\"application\/ld+json\" class=\"yoast-schema-graph\">{\"@context\":\"https:\\\/\\\/schema.org\",\"@graph\":[{\"@type\":\"WebPage\",\"@id\":\"https:\\\/\\\/e2ip.com\\\/fr\\\/services\\\/\",\"url\":\"https:\\\/\\\/e2ip.com\\\/fr\\\/services\\\/\",\"name\":\"Services - e2ip\",\"isPartOf\":{\"@id\":\"https:\\\/\\\/e2ip.com\\\/fr\\\/#website\"},\"primaryImageOfPage\":{\"@id\":\"https:\\\/\\\/e2ip.com\\\/fr\\\/services\\\/#primaryimage\"},\"image\":{\"@id\":\"https:\\\/\\\/e2ip.com\\\/fr\\\/services\\\/#primaryimage\"},\"thumbnailUrl\":\"https:\\\/\\\/e2ip.com\\\/wp-content\\\/uploads\\\/2022\\\/08\\\/img-header-services.jpg\",\"datePublished\":\"2022-08-02T11:36:05+00:00\",\"dateModified\":\"2025-07-29T17:28:49+00:00\",\"description\":\"De l'id\u00e9e \u00e0 la fabrication, les \u00e9quipes multidisciplinaires d'e2ip technologies suivent une m\u00e9thodologie \u00e9prouv\u00e9e pour donner vie aux id\u00e9es de nos clients.\",\"breadcrumb\":{\"@id\":\"https:\\\/\\\/e2ip.com\\\/fr\\\/services\\\/#breadcrumb\"},\"inLanguage\":\"fr-FR\",\"potentialAction\":[{\"@type\":\"ReadAction\",\"target\":[\"https:\\\/\\\/e2ip.com\\\/fr\\\/services\\\/\"]}]},{\"@type\":\"ImageObject\",\"inLanguage\":\"fr-FR\",\"@id\":\"https:\\\/\\\/e2ip.com\\\/fr\\\/services\\\/#primaryimage\",\"url\":\"https:\\\/\\\/e2ip.com\\\/wp-content\\\/uploads\\\/2022\\\/08\\\/img-header-services.jpg\",\"contentUrl\":\"https:\\\/\\\/e2ip.com\\\/wp-content\\\/uploads\\\/2022\\\/08\\\/img-header-services.jpg\",\"width\":1262,\"height\":954,\"caption\":\"header services\"},{\"@type\":\"BreadcrumbList\",\"@id\":\"https:\\\/\\\/e2ip.com\\\/fr\\\/services\\\/#breadcrumb\",\"itemListElement\":[{\"@type\":\"ListItem\",\"position\":1,\"name\":\"Accueil\",\"item\":\"https:\\\/\\\/e2ip.com\\\/fr\\\/\"},{\"@type\":\"ListItem\",\"position\":2,\"name\":\"Services\"}]},{\"@type\":\"WebSite\",\"@id\":\"https:\\\/\\\/e2ip.com\\\/fr\\\/#website\",\"url\":\"https:\\\/\\\/e2ip.com\\\/fr\\\/\",\"name\":\"e2ip\",\"description\":\"this needs to be update\",\"potentialAction\":[{\"@type\":\"SearchAction\",\"target\":{\"@type\":\"EntryPoint\",\"urlTemplate\":\"https:\\\/\\\/e2ip.com\\\/fr\\\/?s={search_term_string}\"},\"query-input\":{\"@type\":\"PropertyValueSpecification\",\"valueRequired\":true,\"valueName\":\"search_term_string\"}}],\"inLanguage\":\"fr-FR\"}]}<\/script>\n<!-- \/ Yoast SEO plugin. -->","yoast_head_json":{"title":"Services - e2ip","description":"De l'id\u00e9e \u00e0 la fabrication, les \u00e9quipes multidisciplinaires d'e2ip technologies suivent une m\u00e9thodologie \u00e9prouv\u00e9e pour donner vie aux id\u00e9es de nos clients.","robots":{"index":"index","follow":"follow","max-snippet":"max-snippet:-1","max-image-preview":"max-image-preview:large","max-video-preview":"max-video-preview:-1"},"canonical":"https:\/\/e2ip.com\/fr\/services\/","og_locale":"fr_FR","og_type":"article","og_title":"Services - e2ip","og_description":"De l'id\u00e9e \u00e0 la fabrication, les \u00e9quipes multidisciplinaires d'e2ip technologies suivent une m\u00e9thodologie \u00e9prouv\u00e9e pour donner vie aux id\u00e9es de nos clients.","og_url":"https:\/\/e2ip.com\/fr\/services\/","og_site_name":"e2ip","article_modified_time":"2025-07-29T17:28:49+00:00","og_image":[{"width":1262,"height":954,"url":"https:\/\/e2ip.com\/wp-content\/uploads\/2022\/08\/img-header-services.jpg","type":"image\/jpeg"}],"twitter_card":"summary_large_image","twitter_misc":{"Dur\u00e9e de lecture estim\u00e9e":"1 minute"},"schema":{"@context":"https:\/\/schema.org","@graph":[{"@type":"WebPage","@id":"https:\/\/e2ip.com\/fr\/services\/","url":"https:\/\/e2ip.com\/fr\/services\/","name":"Services - e2ip","isPartOf":{"@id":"https:\/\/e2ip.com\/fr\/#website"},"primaryImageOfPage":{"@id":"https:\/\/e2ip.com\/fr\/services\/#primaryimage"},"image":{"@id":"https:\/\/e2ip.com\/fr\/services\/#primaryimage"},"thumbnailUrl":"https:\/\/e2ip.com\/wp-content\/uploads\/2022\/08\/img-header-services.jpg","datePublished":"2022-08-02T11:36:05+00:00","dateModified":"2025-07-29T17:28:49+00:00","description":"De l'id\u00e9e \u00e0 la fabrication, les \u00e9quipes multidisciplinaires d'e2ip technologies suivent une m\u00e9thodologie \u00e9prouv\u00e9e pour donner vie aux id\u00e9es de nos clients.","breadcrumb":{"@id":"https:\/\/e2ip.com\/fr\/services\/#breadcrumb"},"inLanguage":"fr-FR","potentialAction":[{"@type":"ReadAction","target":["https:\/\/e2ip.com\/fr\/services\/"]}]},{"@type":"ImageObject","inLanguage":"fr-FR","@id":"https:\/\/e2ip.com\/fr\/services\/#primaryimage","url":"https:\/\/e2ip.com\/wp-content\/uploads\/2022\/08\/img-header-services.jpg","contentUrl":"https:\/\/e2ip.com\/wp-content\/uploads\/2022\/08\/img-header-services.jpg","width":1262,"height":954,"caption":"header services"},{"@type":"BreadcrumbList","@id":"https:\/\/e2ip.com\/fr\/services\/#breadcrumb","itemListElement":[{"@type":"ListItem","position":1,"name":"Accueil","item":"https:\/\/e2ip.com\/fr\/"},{"@type":"ListItem","position":2,"name":"Services"}]},{"@type":"WebSite","@id":"https:\/\/e2ip.com\/fr\/#website","url":"https:\/\/e2ip.com\/fr\/","name":"e2ip","description":"this needs to be update","potentialAction":[{"@type":"SearchAction","target":{"@type":"EntryPoint","urlTemplate":"https:\/\/e2ip.com\/fr\/?s={search_term_string}"},"query-input":{"@type":"PropertyValueSpecification","valueRequired":true,"valueName":"search_term_string"}}],"inLanguage":"fr-FR"}]}},"_links":{"self":[{"href":"https:\/\/e2ip.com\/fr\/wp-json\/wp\/v2\/pages\/1540","targetHints":{"allow":["GET"]}}],"collection":[{"href":"https:\/\/e2ip.com\/fr\/wp-json\/wp\/v2\/pages"}],"about":[{"href":"https:\/\/e2ip.com\/fr\/wp-json\/wp\/v2\/types\/page"}],"author":[{"embeddable":true,"href":"https:\/\/e2ip.com\/fr\/wp-json\/wp\/v2\/users\/2"}],"replies":[{"embeddable":true,"href":"https:\/\/e2ip.com\/fr\/wp-json\/wp\/v2\/comments?post=1540"}],"version-history":[{"count":0,"href":"https:\/\/e2ip.com\/fr\/wp-json\/wp\/v2\/pages\/1540\/revisions"}],"wp:featuredmedia":[{"embeddable":true,"href":"https:\/\/e2ip.com\/fr\/wp-json\/wp\/v2\/media\/595"}],"wp:attachment":[{"href":"https:\/\/e2ip.com\/fr\/wp-json\/wp\/v2\/media?parent=1540"}],"curies":[{"name":"wp","href":"https:\/\/api.w.org\/{rel}","templated":true}]}}