{"id":1520,"date":"2022-08-09T04:42:56","date_gmt":"2022-08-09T04:42:56","guid":{"rendered":"https:\/\/staging.staging.e2ip.com\/partners-clients\/"},"modified":"2025-10-22T14:30:54","modified_gmt":"2025-10-22T14:30:54","slug":"partenaires-et-clients","status":"publish","type":"page","link":"https:\/\/e2ip.com\/fr\/partenaires-et-clients\/","title":{"rendered":"Partenaires et clients"},"content":{"rendered":"","protected":false},"excerpt":{"rendered":"","protected":false},"author":2,"featured_media":737,"parent":0,"menu_order":0,"comment_status":"closed","ping_status":"closed","template":"","meta":{"_acf_changed":false,"footnotes":""},"class_list":["post-1520","page","type-page","status-publish","has-post-thumbnail","hentry"],"acf":[],"yoast_head":"<!-- This site is optimized with the Yoast SEO plugin v27.3 - https:\/\/yoast.com\/product\/yoast-seo-wordpress\/ -->\n<title>Partenaires et clients - e2ip<\/title>\n<meta name=\"description\" content=\"e2ip \u00e9volue en grande partie gr\u00e2ce au puissant \u00e9cosyst\u00e8me strat\u00e9gique dans lequel nous avons le privil\u00e8ge de faire affaires.\" \/>\n<meta name=\"robots\" content=\"index, follow, max-snippet:-1, max-image-preview:large, max-video-preview:-1\" \/>\n<link rel=\"canonical\" href=\"https:\/\/e2ip.com\/fr\/partenaires-et-clients\/\" \/>\n<meta property=\"og:locale\" content=\"fr_FR\" \/>\n<meta property=\"og:type\" content=\"article\" \/>\n<meta property=\"og:title\" content=\"Partenaires et clients - e2ip\" \/>\n<meta property=\"og:description\" content=\"e2ip \u00e9volue en grande partie gr\u00e2ce au puissant \u00e9cosyst\u00e8me strat\u00e9gique dans lequel nous avons le privil\u00e8ge de faire affaires.\" \/>\n<meta property=\"og:url\" content=\"https:\/\/e2ip.com\/fr\/partenaires-et-clients\/\" \/>\n<meta property=\"og:site_name\" content=\"e2ip\" \/>\n<meta property=\"article:modified_time\" content=\"2025-10-22T14:30:54+00:00\" \/>\n<meta property=\"og:image\" content=\"https:\/\/e2ip.com\/wp-content\/uploads\/2022\/08\/img-header-clients.jpg\" \/>\n\t<meta property=\"og:image:width\" content=\"2048\" \/>\n\t<meta property=\"og:image:height\" content=\"727\" \/>\n\t<meta property=\"og:image:type\" content=\"image\/jpeg\" \/>\n<meta name=\"twitter:card\" content=\"summary_large_image\" \/>\n<meta name=\"twitter:label1\" content=\"Dur\u00e9e de lecture estim\u00e9e\" \/>\n\t<meta name=\"twitter:data1\" content=\"1 minute\" \/>\n<script type=\"application\/ld+json\" class=\"yoast-schema-graph\">{\"@context\":\"https:\\\/\\\/schema.org\",\"@graph\":[{\"@type\":\"WebPage\",\"@id\":\"https:\\\/\\\/e2ip.com\\\/fr\\\/partenaires-et-clients\\\/\",\"url\":\"https:\\\/\\\/e2ip.com\\\/fr\\\/partenaires-et-clients\\\/\",\"name\":\"Partenaires et clients - e2ip\",\"isPartOf\":{\"@id\":\"https:\\\/\\\/e2ip.com\\\/fr\\\/#website\"},\"primaryImageOfPage\":{\"@id\":\"https:\\\/\\\/e2ip.com\\\/fr\\\/partenaires-et-clients\\\/#primaryimage\"},\"image\":{\"@id\":\"https:\\\/\\\/e2ip.com\\\/fr\\\/partenaires-et-clients\\\/#primaryimage\"},\"thumbnailUrl\":\"https:\\\/\\\/e2ip.com\\\/wp-content\\\/uploads\\\/2022\\\/08\\\/img-header-clients.jpg\",\"datePublished\":\"2022-08-09T04:42:56+00:00\",\"dateModified\":\"2025-10-22T14:30:54+00:00\",\"description\":\"e2ip \u00e9volue en grande partie gr\u00e2ce au puissant \u00e9cosyst\u00e8me strat\u00e9gique dans lequel nous avons le privil\u00e8ge de faire affaires.\",\"breadcrumb\":{\"@id\":\"https:\\\/\\\/e2ip.com\\\/fr\\\/partenaires-et-clients\\\/#breadcrumb\"},\"inLanguage\":\"fr-FR\",\"potentialAction\":[{\"@type\":\"ReadAction\",\"target\":[\"https:\\\/\\\/e2ip.com\\\/fr\\\/partenaires-et-clients\\\/\"]}]},{\"@type\":\"ImageObject\",\"inLanguage\":\"fr-FR\",\"@id\":\"https:\\\/\\\/e2ip.com\\\/fr\\\/partenaires-et-clients\\\/#primaryimage\",\"url\":\"https:\\\/\\\/e2ip.com\\\/wp-content\\\/uploads\\\/2022\\\/08\\\/img-header-clients.jpg\",\"contentUrl\":\"https:\\\/\\\/e2ip.com\\\/wp-content\\\/uploads\\\/2022\\\/08\\\/img-header-clients.jpg\",\"width\":2048,\"height\":727},{\"@type\":\"BreadcrumbList\",\"@id\":\"https:\\\/\\\/e2ip.com\\\/fr\\\/partenaires-et-clients\\\/#breadcrumb\",\"itemListElement\":[{\"@type\":\"ListItem\",\"position\":1,\"name\":\"Accueil\",\"item\":\"https:\\\/\\\/e2ip.com\\\/fr\\\/\"},{\"@type\":\"ListItem\",\"position\":2,\"name\":\"Partenaires et clients\"}]},{\"@type\":\"WebSite\",\"@id\":\"https:\\\/\\\/e2ip.com\\\/fr\\\/#website\",\"url\":\"https:\\\/\\\/e2ip.com\\\/fr\\\/\",\"name\":\"e2ip\",\"description\":\"this needs to be update\",\"potentialAction\":[{\"@type\":\"SearchAction\",\"target\":{\"@type\":\"EntryPoint\",\"urlTemplate\":\"https:\\\/\\\/e2ip.com\\\/fr\\\/?s={search_term_string}\"},\"query-input\":{\"@type\":\"PropertyValueSpecification\",\"valueRequired\":true,\"valueName\":\"search_term_string\"}}],\"inLanguage\":\"fr-FR\"}]}<\/script>\n<!-- \/ Yoast SEO plugin. -->","yoast_head_json":{"title":"Partenaires et clients - e2ip","description":"e2ip \u00e9volue en grande partie gr\u00e2ce au puissant \u00e9cosyst\u00e8me strat\u00e9gique dans lequel nous avons le privil\u00e8ge de faire affaires.","robots":{"index":"index","follow":"follow","max-snippet":"max-snippet:-1","max-image-preview":"max-image-preview:large","max-video-preview":"max-video-preview:-1"},"canonical":"https:\/\/e2ip.com\/fr\/partenaires-et-clients\/","og_locale":"fr_FR","og_type":"article","og_title":"Partenaires et clients - e2ip","og_description":"e2ip \u00e9volue en grande partie gr\u00e2ce au puissant \u00e9cosyst\u00e8me strat\u00e9gique dans lequel nous avons le privil\u00e8ge de faire affaires.","og_url":"https:\/\/e2ip.com\/fr\/partenaires-et-clients\/","og_site_name":"e2ip","article_modified_time":"2025-10-22T14:30:54+00:00","og_image":[{"width":2048,"height":727,"url":"https:\/\/e2ip.com\/wp-content\/uploads\/2022\/08\/img-header-clients.jpg","type":"image\/jpeg"}],"twitter_card":"summary_large_image","twitter_misc":{"Dur\u00e9e de lecture estim\u00e9e":"1 minute"},"schema":{"@context":"https:\/\/schema.org","@graph":[{"@type":"WebPage","@id":"https:\/\/e2ip.com\/fr\/partenaires-et-clients\/","url":"https:\/\/e2ip.com\/fr\/partenaires-et-clients\/","name":"Partenaires et clients - e2ip","isPartOf":{"@id":"https:\/\/e2ip.com\/fr\/#website"},"primaryImageOfPage":{"@id":"https:\/\/e2ip.com\/fr\/partenaires-et-clients\/#primaryimage"},"image":{"@id":"https:\/\/e2ip.com\/fr\/partenaires-et-clients\/#primaryimage"},"thumbnailUrl":"https:\/\/e2ip.com\/wp-content\/uploads\/2022\/08\/img-header-clients.jpg","datePublished":"2022-08-09T04:42:56+00:00","dateModified":"2025-10-22T14:30:54+00:00","description":"e2ip \u00e9volue en grande partie gr\u00e2ce au puissant \u00e9cosyst\u00e8me strat\u00e9gique dans lequel nous avons le privil\u00e8ge de faire affaires.","breadcrumb":{"@id":"https:\/\/e2ip.com\/fr\/partenaires-et-clients\/#breadcrumb"},"inLanguage":"fr-FR","potentialAction":[{"@type":"ReadAction","target":["https:\/\/e2ip.com\/fr\/partenaires-et-clients\/"]}]},{"@type":"ImageObject","inLanguage":"fr-FR","@id":"https:\/\/e2ip.com\/fr\/partenaires-et-clients\/#primaryimage","url":"https:\/\/e2ip.com\/wp-content\/uploads\/2022\/08\/img-header-clients.jpg","contentUrl":"https:\/\/e2ip.com\/wp-content\/uploads\/2022\/08\/img-header-clients.jpg","width":2048,"height":727},{"@type":"BreadcrumbList","@id":"https:\/\/e2ip.com\/fr\/partenaires-et-clients\/#breadcrumb","itemListElement":[{"@type":"ListItem","position":1,"name":"Accueil","item":"https:\/\/e2ip.com\/fr\/"},{"@type":"ListItem","position":2,"name":"Partenaires et clients"}]},{"@type":"WebSite","@id":"https:\/\/e2ip.com\/fr\/#website","url":"https:\/\/e2ip.com\/fr\/","name":"e2ip","description":"this needs to be update","potentialAction":[{"@type":"SearchAction","target":{"@type":"EntryPoint","urlTemplate":"https:\/\/e2ip.com\/fr\/?s={search_term_string}"},"query-input":{"@type":"PropertyValueSpecification","valueRequired":true,"valueName":"search_term_string"}}],"inLanguage":"fr-FR"}]}},"_links":{"self":[{"href":"https:\/\/e2ip.com\/fr\/wp-json\/wp\/v2\/pages\/1520","targetHints":{"allow":["GET"]}}],"collection":[{"href":"https:\/\/e2ip.com\/fr\/wp-json\/wp\/v2\/pages"}],"about":[{"href":"https:\/\/e2ip.com\/fr\/wp-json\/wp\/v2\/types\/page"}],"author":[{"embeddable":true,"href":"https:\/\/e2ip.com\/fr\/wp-json\/wp\/v2\/users\/2"}],"replies":[{"embeddable":true,"href":"https:\/\/e2ip.com\/fr\/wp-json\/wp\/v2\/comments?post=1520"}],"version-history":[{"count":0,"href":"https:\/\/e2ip.com\/fr\/wp-json\/wp\/v2\/pages\/1520\/revisions"}],"wp:featuredmedia":[{"embeddable":true,"href":"https:\/\/e2ip.com\/fr\/wp-json\/wp\/v2\/media\/737"}],"wp:attachment":[{"href":"https:\/\/e2ip.com\/fr\/wp-json\/wp\/v2\/media?parent=1520"}],"curies":[{"name":"wp","href":"https:\/\/api.w.org\/{rel}","templated":true}]}}