{"id":1518,"date":"2022-08-03T11:14:13","date_gmt":"2022-08-03T11:14:13","guid":{"rendered":"https:\/\/staging.staging.e2ip.com\/our-company\/"},"modified":"2026-02-05T17:15:47","modified_gmt":"2026-02-05T17:15:47","slug":"notre-entreprise","status":"publish","type":"page","link":"https:\/\/e2ip.com\/fr\/notre-entreprise\/","title":{"rendered":"Notre entreprise"},"content":{"rendered":"","protected":false},"excerpt":{"rendered":"","protected":false},"author":2,"featured_media":2564,"parent":0,"menu_order":0,"comment_status":"closed","ping_status":"closed","template":"","meta":{"_acf_changed":false,"footnotes":""},"class_list":["post-1518","page","type-page","status-publish","has-post-thumbnail","hentry"],"acf":[],"yoast_head":"<!-- This site is optimized with the Yoast SEO plugin v27.3 - https:\/\/yoast.com\/product\/yoast-seo-wordpress\/ -->\n<title>En savoir plus sur notre entreprise | e2ip technologies<\/title>\n<meta name=\"description\" content=\"e2ip technologies op\u00e8re en tant que soci\u00e9t\u00e9 m\u00e8re pour un certain nombre d&#039;unit\u00e9s commerciales sp\u00e9cialis\u00e9es dans les solutions d&#039;interface homme-machine et l&#039;\u00e9lectronique imprim\u00e9e.\" \/>\n<meta name=\"robots\" content=\"index, follow, max-snippet:-1, max-image-preview:large, max-video-preview:-1\" \/>\n<link rel=\"canonical\" href=\"https:\/\/e2ip.com\/fr\/notre-entreprise\/\" \/>\n<meta property=\"og:locale\" content=\"fr_FR\" \/>\n<meta property=\"og:type\" content=\"article\" \/>\n<meta property=\"og:title\" content=\"En savoir plus sur notre entreprise | e2ip technologies\" \/>\n<meta property=\"og:description\" content=\"e2ip technologies op\u00e8re en tant que soci\u00e9t\u00e9 m\u00e8re pour un certain nombre d&#039;unit\u00e9s commerciales sp\u00e9cialis\u00e9es dans les solutions d&#039;interface homme-machine et l&#039;\u00e9lectronique imprim\u00e9e.\" \/>\n<meta property=\"og:url\" content=\"https:\/\/e2ip.com\/fr\/notre-entreprise\/\" \/>\n<meta property=\"og:site_name\" content=\"e2ip\" \/>\n<meta property=\"article:modified_time\" content=\"2026-02-05T17:15:47+00:00\" \/>\n<meta property=\"og:image\" content=\"https:\/\/e2ip.com\/wp-content\/uploads\/2022\/12\/e2ip-search-placeholder.jpg\" \/>\n\t<meta property=\"og:image:width\" content=\"1200\" \/>\n\t<meta property=\"og:image:height\" content=\"560\" \/>\n\t<meta property=\"og:image:type\" content=\"image\/jpeg\" \/>\n<meta name=\"twitter:card\" content=\"summary_large_image\" \/>\n<meta name=\"twitter:label1\" content=\"Dur\u00e9e de lecture estim\u00e9e\" \/>\n\t<meta name=\"twitter:data1\" content=\"1 minute\" \/>\n<script type=\"application\/ld+json\" class=\"yoast-schema-graph\">{\"@context\":\"https:\\\/\\\/schema.org\",\"@graph\":[{\"@type\":\"WebPage\",\"@id\":\"https:\\\/\\\/e2ip.com\\\/fr\\\/notre-entreprise\\\/\",\"url\":\"https:\\\/\\\/e2ip.com\\\/fr\\\/notre-entreprise\\\/\",\"name\":\"En savoir plus sur notre entreprise | e2ip technologies\",\"isPartOf\":{\"@id\":\"https:\\\/\\\/e2ip.com\\\/fr\\\/#website\"},\"primaryImageOfPage\":{\"@id\":\"https:\\\/\\\/e2ip.com\\\/fr\\\/notre-entreprise\\\/#primaryimage\"},\"image\":{\"@id\":\"https:\\\/\\\/e2ip.com\\\/fr\\\/notre-entreprise\\\/#primaryimage\"},\"thumbnailUrl\":\"https:\\\/\\\/e2ip.com\\\/wp-content\\\/uploads\\\/2022\\\/12\\\/e2ip-search-placeholder.jpg\",\"datePublished\":\"2022-08-03T11:14:13+00:00\",\"dateModified\":\"2026-02-05T17:15:47+00:00\",\"description\":\"e2ip technologies op\u00e8re en tant que soci\u00e9t\u00e9 m\u00e8re pour un certain nombre d'unit\u00e9s commerciales sp\u00e9cialis\u00e9es dans les solutions d'interface homme-machine et l'\u00e9lectronique imprim\u00e9e.\",\"breadcrumb\":{\"@id\":\"https:\\\/\\\/e2ip.com\\\/fr\\\/notre-entreprise\\\/#breadcrumb\"},\"inLanguage\":\"fr-FR\",\"potentialAction\":[{\"@type\":\"ReadAction\",\"target\":[\"https:\\\/\\\/e2ip.com\\\/fr\\\/notre-entreprise\\\/\"]}]},{\"@type\":\"ImageObject\",\"inLanguage\":\"fr-FR\",\"@id\":\"https:\\\/\\\/e2ip.com\\\/fr\\\/notre-entreprise\\\/#primaryimage\",\"url\":\"https:\\\/\\\/e2ip.com\\\/wp-content\\\/uploads\\\/2022\\\/12\\\/e2ip-search-placeholder.jpg\",\"contentUrl\":\"https:\\\/\\\/e2ip.com\\\/wp-content\\\/uploads\\\/2022\\\/12\\\/e2ip-search-placeholder.jpg\",\"width\":1200,\"height\":560},{\"@type\":\"BreadcrumbList\",\"@id\":\"https:\\\/\\\/e2ip.com\\\/fr\\\/notre-entreprise\\\/#breadcrumb\",\"itemListElement\":[{\"@type\":\"ListItem\",\"position\":1,\"name\":\"Accueil\",\"item\":\"https:\\\/\\\/e2ip.com\\\/fr\\\/\"},{\"@type\":\"ListItem\",\"position\":2,\"name\":\"Notre entreprise\"}]},{\"@type\":\"WebSite\",\"@id\":\"https:\\\/\\\/e2ip.com\\\/fr\\\/#website\",\"url\":\"https:\\\/\\\/e2ip.com\\\/fr\\\/\",\"name\":\"e2ip\",\"description\":\"this needs to be update\",\"potentialAction\":[{\"@type\":\"SearchAction\",\"target\":{\"@type\":\"EntryPoint\",\"urlTemplate\":\"https:\\\/\\\/e2ip.com\\\/fr\\\/?s={search_term_string}\"},\"query-input\":{\"@type\":\"PropertyValueSpecification\",\"valueRequired\":true,\"valueName\":\"search_term_string\"}}],\"inLanguage\":\"fr-FR\"}]}<\/script>\n<!-- \/ Yoast SEO plugin. -->","yoast_head_json":{"title":"En savoir plus sur notre entreprise | e2ip technologies","description":"e2ip technologies op\u00e8re en tant que soci\u00e9t\u00e9 m\u00e8re pour un certain nombre d'unit\u00e9s commerciales sp\u00e9cialis\u00e9es dans les solutions d'interface homme-machine et l'\u00e9lectronique imprim\u00e9e.","robots":{"index":"index","follow":"follow","max-snippet":"max-snippet:-1","max-image-preview":"max-image-preview:large","max-video-preview":"max-video-preview:-1"},"canonical":"https:\/\/e2ip.com\/fr\/notre-entreprise\/","og_locale":"fr_FR","og_type":"article","og_title":"En savoir plus sur notre entreprise | e2ip technologies","og_description":"e2ip technologies op\u00e8re en tant que soci\u00e9t\u00e9 m\u00e8re pour un certain nombre d'unit\u00e9s commerciales sp\u00e9cialis\u00e9es dans les solutions d'interface homme-machine et l'\u00e9lectronique imprim\u00e9e.","og_url":"https:\/\/e2ip.com\/fr\/notre-entreprise\/","og_site_name":"e2ip","article_modified_time":"2026-02-05T17:15:47+00:00","og_image":[{"width":1200,"height":560,"url":"https:\/\/e2ip.com\/wp-content\/uploads\/2022\/12\/e2ip-search-placeholder.jpg","type":"image\/jpeg"}],"twitter_card":"summary_large_image","twitter_misc":{"Dur\u00e9e de lecture estim\u00e9e":"1 minute"},"schema":{"@context":"https:\/\/schema.org","@graph":[{"@type":"WebPage","@id":"https:\/\/e2ip.com\/fr\/notre-entreprise\/","url":"https:\/\/e2ip.com\/fr\/notre-entreprise\/","name":"En savoir plus sur notre entreprise | e2ip technologies","isPartOf":{"@id":"https:\/\/e2ip.com\/fr\/#website"},"primaryImageOfPage":{"@id":"https:\/\/e2ip.com\/fr\/notre-entreprise\/#primaryimage"},"image":{"@id":"https:\/\/e2ip.com\/fr\/notre-entreprise\/#primaryimage"},"thumbnailUrl":"https:\/\/e2ip.com\/wp-content\/uploads\/2022\/12\/e2ip-search-placeholder.jpg","datePublished":"2022-08-03T11:14:13+00:00","dateModified":"2026-02-05T17:15:47+00:00","description":"e2ip technologies op\u00e8re en tant que soci\u00e9t\u00e9 m\u00e8re pour un certain nombre d'unit\u00e9s commerciales sp\u00e9cialis\u00e9es dans les solutions d'interface homme-machine et l'\u00e9lectronique imprim\u00e9e.","breadcrumb":{"@id":"https:\/\/e2ip.com\/fr\/notre-entreprise\/#breadcrumb"},"inLanguage":"fr-FR","potentialAction":[{"@type":"ReadAction","target":["https:\/\/e2ip.com\/fr\/notre-entreprise\/"]}]},{"@type":"ImageObject","inLanguage":"fr-FR","@id":"https:\/\/e2ip.com\/fr\/notre-entreprise\/#primaryimage","url":"https:\/\/e2ip.com\/wp-content\/uploads\/2022\/12\/e2ip-search-placeholder.jpg","contentUrl":"https:\/\/e2ip.com\/wp-content\/uploads\/2022\/12\/e2ip-search-placeholder.jpg","width":1200,"height":560},{"@type":"BreadcrumbList","@id":"https:\/\/e2ip.com\/fr\/notre-entreprise\/#breadcrumb","itemListElement":[{"@type":"ListItem","position":1,"name":"Accueil","item":"https:\/\/e2ip.com\/fr\/"},{"@type":"ListItem","position":2,"name":"Notre entreprise"}]},{"@type":"WebSite","@id":"https:\/\/e2ip.com\/fr\/#website","url":"https:\/\/e2ip.com\/fr\/","name":"e2ip","description":"this needs to be update","potentialAction":[{"@type":"SearchAction","target":{"@type":"EntryPoint","urlTemplate":"https:\/\/e2ip.com\/fr\/?s={search_term_string}"},"query-input":{"@type":"PropertyValueSpecification","valueRequired":true,"valueName":"search_term_string"}}],"inLanguage":"fr-FR"}]}},"_links":{"self":[{"href":"https:\/\/e2ip.com\/fr\/wp-json\/wp\/v2\/pages\/1518","targetHints":{"allow":["GET"]}}],"collection":[{"href":"https:\/\/e2ip.com\/fr\/wp-json\/wp\/v2\/pages"}],"about":[{"href":"https:\/\/e2ip.com\/fr\/wp-json\/wp\/v2\/types\/page"}],"author":[{"embeddable":true,"href":"https:\/\/e2ip.com\/fr\/wp-json\/wp\/v2\/users\/2"}],"replies":[{"embeddable":true,"href":"https:\/\/e2ip.com\/fr\/wp-json\/wp\/v2\/comments?post=1518"}],"version-history":[{"count":0,"href":"https:\/\/e2ip.com\/fr\/wp-json\/wp\/v2\/pages\/1518\/revisions"}],"wp:featuredmedia":[{"embeddable":true,"href":"https:\/\/e2ip.com\/fr\/wp-json\/wp\/v2\/media\/2564"}],"wp:attachment":[{"href":"https:\/\/e2ip.com\/fr\/wp-json\/wp\/v2\/media?parent=1518"}],"curies":[{"name":"wp","href":"https:\/\/api.w.org\/{rel}","templated":true}]}}